{"id":1049,"date":"2024-03-28T17:15:28","date_gmt":"2024-03-28T09:15:28","guid":{"rendered":"http:\/\/www.thedrillstore.com\/?post_type=product&#038;p=1049"},"modified":"2026-01-11T13:06:58","modified_gmt":"2026-01-11T05:06:58","slug":"tds-d3-full-hydraulic-dth-drilling-rig-drilling-range90130mm","status":"publish","type":"product","link":"https:\/\/www.thedrillstore.com\/pt\/product\/tds-d3-full-hydraulic-dth-drilling-rig-drilling-range90130mm\/","title":{"rendered":"TDS 720 Full Hydraulic DTH Drilling Rig"},"content":{"rendered":"<p><strong>Sistema de Alimenta\u00e7\u00e3o<\/strong><\/p>\n<p>Fornecimento energ\u00e9tico poderoso, r\u00e1pido,alta velocidade, melhora a efici\u00eancia das imagens.<\/p>\n<p><strong>Rotar <\/strong><strong>S<\/strong><strong>sistema<\/strong><\/p>\n<p>Pot\u00eancia rotacional est\u00e1vel e de longa dura\u00e7\u00e3o, adapt\u00e1vel a v\u00e1rias condi\u00e7\u00f5es de trabalho de rocha.<\/p>\n<p><strong>Sistema de Caminhamento<\/strong><\/p>\n<p>Mecanismo de viagem hidr\u00e1ulico de duas velocidades descalh\u00e1vel. O dispositivo de n\u00edveliza\u00e7\u00e3o autom\u00e1tica pode caminhar suavemente e passar por v\u00e1rios terrenos complexos.<\/p>\n<p><strong>Consola<\/strong><\/p>\n<p>Equipado com v\u00e1rios alarmes de falha, intuitivo e f\u00e1cil de manter.<\/p>\n<p><strong>Coletor de P\u00fadrez Hidr\u00e1ulica<\/strong><\/p>\n<p>Coletor padr\u00e3o de p\u00f3 seco de dois est\u00e1gios, lavador de v\u00e1cuo de alta pot\u00eancia, 16 \u33a1 \u00e1rea de filtra\u00e7\u00e3o Capa de poeira remov\u00edvel para poeira precisa em superf\u00edcies de trabalho brutas.<\/p>\n<p><strong>Sistema de Pot\u00eancia<\/strong><\/p>\n<p>Equipado com o motor diesel Cummins, poderoso e cumpre os padr\u00f5es nacionais de emiss\u00e3o IV. Alta press\u00e3o e\u00f3lica e grande compressor de ar deslocado, alta raz\u00e3o de efici\u00eancia energ\u00e9tica.<\/p>\n<p><img fetchpriority=\"high\" decoding=\"async\" class=\"alignnone size-full wp-image-3582\" src=\"http:\/\/www.thedrillstore.com\/wp-content\/uploads\/2024\/03\/TDS-Surface-Drilling-Rig-9-scaled.webp\" alt=\"\" width=\"2560\" height=\"1737\" srcset=\"https:\/\/www.thedrillstore.com\/wp-content\/uploads\/2024\/03\/TDS-Surface-Drilling-Rig-9-scaled.webp 2560w, https:\/\/www.thedrillstore.com\/wp-content\/uploads\/2024\/03\/TDS-Surface-Drilling-Rig-9-300x204.webp 300w, https:\/\/www.thedrillstore.com\/wp-content\/uploads\/2024\/03\/TDS-Surface-Drilling-Rig-9-1024x695.webp 1024w, https:\/\/www.thedrillstore.com\/wp-content\/uploads\/2024\/03\/TDS-Surface-Drilling-Rig-9-768x521.webp 768w, https:\/\/www.thedrillstore.com\/wp-content\/uploads\/2024\/03\/TDS-Surface-Drilling-Rig-9-1536x1042.webp 1536w, https:\/\/www.thedrillstore.com\/wp-content\/uploads\/2024\/03\/TDS-Surface-Drilling-Rig-9-2048x1390.webp 2048w, https:\/\/www.thedrillstore.com\/wp-content\/uploads\/2024\/03\/TDS-Surface-Drilling-Rig-9-18x12.webp 18w, https:\/\/www.thedrillstore.com\/wp-content\/uploads\/2024\/03\/TDS-Surface-Drilling-Rig-9-600x407.webp 600w\" sizes=\"(max-width: 2560px) 100vw, 2560px\" \/><\/p>","protected":false},"excerpt":{"rendered":"<p>Feed System Powerful, fast energy supply,high speed, improves\u00a0footage\u00a0efficiency. Rotary System Large-torque stepless speed-adjustable,stable and long-lasting rotational\u00a0power, suitable for various rock\u00a0working conditions. Walking System Two-speed detachable\u00a0hydraulic traveling mechanism. Automatic leveling device,\u00a0can walk smoothly and\u00a0 traverse various complex terrains. Console Equipped with multiple\u00a0fault alarms, intuitive\u00a0and easy to maintain. Hydraulic Dust Collector Standard two-stage dry dust collector High-power [&hellip;]<\/p>\n","protected":false},"featured_media":3160,"comment_status":"closed","ping_status":"closed","template":"","meta":{"_acf_changed":false},"product_brand":[],"product_cat":[19],"product_tag":[],"class_list":{"0":"post-1049","1":"product","2":"type-product","3":"status-publish","4":"has-post-thumbnail","6":"product_cat-full-hydraulic-dth-drilling-rig","8":"first","9":"instock","10":"shipping-taxable","11":"product-type-simple"},"acf":[],"_links":{"self":[{"href":"https:\/\/www.thedrillstore.com\/pt\/wp-json\/wp\/v2\/product\/1049","targetHints":{"allow":["GET"]}}],"collection":[{"href":"https:\/\/www.thedrillstore.com\/pt\/wp-json\/wp\/v2\/product"}],"about":[{"href":"https:\/\/www.thedrillstore.com\/pt\/wp-json\/wp\/v2\/types\/product"}],"replies":[{"embeddable":true,"href":"https:\/\/www.thedrillstore.com\/pt\/wp-json\/wp\/v2\/comments?post=1049"}],"wp:featuredmedia":[{"embeddable":true,"href":"https:\/\/www.thedrillstore.com\/pt\/wp-json\/wp\/v2\/media\/3160"}],"wp:attachment":[{"href":"https:\/\/www.thedrillstore.com\/pt\/wp-json\/wp\/v2\/media?parent=1049"}],"wp:term":[{"taxonomy":"product_brand","embeddable":true,"href":"https:\/\/www.thedrillstore.com\/pt\/wp-json\/wp\/v2\/product_brand?post=1049"},{"taxonomy":"product_cat","embeddable":true,"href":"https:\/\/www.thedrillstore.com\/pt\/wp-json\/wp\/v2\/product_cat?post=1049"},{"taxonomy":"product_tag","embeddable":true,"href":"https:\/\/www.thedrillstore.com\/pt\/wp-json\/wp\/v2\/product_tag?post=1049"}],"curies":[{"name":"wp","href":"https:\/\/api.w.org\/{rel}","templated":true}]}}