{"id":1062,"date":"2024-03-28T17:19:14","date_gmt":"2024-03-28T09:19:14","guid":{"rendered":"http:\/\/www.thedrillstore.com\/?post_type=product&#038;p=1062"},"modified":"2026-01-11T13:29:57","modified_gmt":"2026-01-11T05:29:57","slug":"tds-d6-full-hydraulic-dth-drilling-rig-for-surfacemining","status":"publish","type":"product","link":"https:\/\/www.thedrillstore.com\/pt\/product\/tds-d6-full-hydraulic-dth-drilling-rig-for-surfacemining\/","title":{"rendered":"TDS 650 Full Hydraulic DTH Drilling Rig"},"content":{"rendered":"<p><strong>Sistema de Pot\u00eancia: <\/strong>Cummins Diesel Engine.<\/p>\n<p><strong>Sistema de Controlo: <\/strong>Sistema de controle l\u00f3gico, cabo limpo,manuten\u00e7\u00e3o f\u00e1cil.<\/p>\n<p><strong>Sistema de Chassis<\/strong><\/p>\n<p>Chassis de m\u00e1quinas pesadas de constru\u00e7\u00e3o,estrutura forte,forte passabilidade.<\/p>\n<p><strong>Rotar<\/strong><\/p>\n<p>Motor rotativo duplo,torque mais alto, reduz efetivamente a velocidade de bloqueio.<\/p>\n<p><strong>Sistema de Cole\u00e7\u00e3o de P\u00fadrez<\/strong><\/p>\n<p>Cole\u00e7\u00e3o de poeira seca, cole\u00e7\u00e3o de poeira de bom efeito.<\/p>\n<p>&nbsp;<\/p>\n<p>&nbsp;<\/p>","protected":false},"excerpt":{"rendered":"<p>Power System: Cummins Diesel Engine. Control System: Logical control system, clear wiring,easy maintenance. Chassis System Heavy construction machinery chassis,Strong structure,strong passability. Rotary Double rotary motor,Higher torque, effectively reduce stuck rate. Dust Collection System Dry dust collection, good effect dust collection. &nbsp; &nbsp;<\/p>","protected":false},"featured_media":3166,"comment_status":"closed","ping_status":"closed","template":"","meta":{"_acf_changed":false},"product_brand":[],"product_cat":[19],"product_tag":[],"class_list":{"0":"post-1062","1":"product","2":"type-product","3":"status-publish","4":"has-post-thumbnail","6":"product_cat-full-hydraulic-dth-drilling-rig","8":"first","9":"instock","10":"shipping-taxable","11":"product-type-simple"},"acf":[],"_links":{"self":[{"href":"https:\/\/www.thedrillstore.com\/pt\/wp-json\/wp\/v2\/product\/1062","targetHints":{"allow":["GET"]}}],"collection":[{"href":"https:\/\/www.thedrillstore.com\/pt\/wp-json\/wp\/v2\/product"}],"about":[{"href":"https:\/\/www.thedrillstore.com\/pt\/wp-json\/wp\/v2\/types\/product"}],"replies":[{"embeddable":true,"href":"https:\/\/www.thedrillstore.com\/pt\/wp-json\/wp\/v2\/comments?post=1062"}],"wp:featuredmedia":[{"embeddable":true,"href":"https:\/\/www.thedrillstore.com\/pt\/wp-json\/wp\/v2\/media\/3166"}],"wp:attachment":[{"href":"https:\/\/www.thedrillstore.com\/pt\/wp-json\/wp\/v2\/media?parent=1062"}],"wp:term":[{"taxonomy":"product_brand","embeddable":true,"href":"https:\/\/www.thedrillstore.com\/pt\/wp-json\/wp\/v2\/product_brand?post=1062"},{"taxonomy":"product_cat","embeddable":true,"href":"https:\/\/www.thedrillstore.com\/pt\/wp-json\/wp\/v2\/product_cat?post=1062"},{"taxonomy":"product_tag","embeddable":true,"href":"https:\/\/www.thedrillstore.com\/pt\/wp-json\/wp\/v2\/product_tag?post=1062"}],"curies":[{"name":"wp","href":"https:\/\/api.w.org\/{rel}","templated":true}]}}