{"id":1100,"date":"2024-03-28T17:31:25","date_gmt":"2024-03-28T09:31:25","guid":{"rendered":"http:\/\/www.thedrillstore.com\/?post_type=product&#038;p=1100"},"modified":"2026-01-11T12:57:05","modified_gmt":"2026-01-11T04:57:05","slug":"tds-d12-full-hydraulic-dth-drilling-rig-drilling-range-138203mm","status":"publish","type":"product","link":"https:\/\/www.thedrillstore.com\/pt\/product\/tds-d12-full-hydraulic-dth-drilling-rig-drilling-range-138203mm\/","title":{"rendered":"TDS 618 Full Hydraulic DTH Drilling Rig"},"content":{"rendered":"<p><strong>Rotar<\/strong><\/p>\n<p>Motor duplo rotativo Torque mais alto,reduz efetivamente a velocidade de bloqueio.<\/p>\n<p><strong>Sistema de Chassis<\/strong><\/p>\n<p>Chassis de m\u00e1quinas pesadas de constru\u00e7\u00e3o, estrutura forte,forte passabilidade.<\/p>\n<p><strong>Sistema de Controlo<\/strong><\/p>\n<p>Sistema de controle l\u00f3gico cabo limpo, manuten\u00e7\u00e3o f\u00e1cil.<\/p>\n<p><strong>Sistema de Pot\u00eancia<\/strong><\/p>\n<p>Motor diesel Cummins.<\/p>\n<p><strong>Sistema de Compressor A\u00e9reo<\/strong><\/p>\n<p>Compressor Ingersoll rand de ar de alta press\u00e3o grande deslocamento.<\/p>\n<p><img fetchpriority=\"high\" decoding=\"async\" class=\"alignnone size-full wp-image-3580\" src=\"http:\/\/www.thedrillstore.com\/wp-content\/uploads\/2024\/03\/TDS-Surface-Drilling-Rig-618-min-scaled.webp\" alt=\"\" width=\"2560\" height=\"1737\" srcset=\"https:\/\/www.thedrillstore.com\/wp-content\/uploads\/2024\/03\/TDS-Surface-Drilling-Rig-618-min-scaled.webp 2560w, https:\/\/www.thedrillstore.com\/wp-content\/uploads\/2024\/03\/TDS-Surface-Drilling-Rig-618-min-300x204.webp 300w, https:\/\/www.thedrillstore.com\/wp-content\/uploads\/2024\/03\/TDS-Surface-Drilling-Rig-618-min-1024x695.webp 1024w, https:\/\/www.thedrillstore.com\/wp-content\/uploads\/2024\/03\/TDS-Surface-Drilling-Rig-618-min-768x521.webp 768w, https:\/\/www.thedrillstore.com\/wp-content\/uploads\/2024\/03\/TDS-Surface-Drilling-Rig-618-min-1536x1042.webp 1536w, https:\/\/www.thedrillstore.com\/wp-content\/uploads\/2024\/03\/TDS-Surface-Drilling-Rig-618-min-2048x1390.webp 2048w, https:\/\/www.thedrillstore.com\/wp-content\/uploads\/2024\/03\/TDS-Surface-Drilling-Rig-618-min-18x12.webp 18w, https:\/\/www.thedrillstore.com\/wp-content\/uploads\/2024\/03\/TDS-Surface-Drilling-Rig-618-min-600x407.webp 600w\" sizes=\"(max-width: 2560px) 100vw, 2560px\" \/><\/p>","protected":false},"excerpt":{"rendered":"<p>Rotar Dois motores rotativos Torque mais alto,reduzir efetivamente a velocidade de bloqueio. Chassis System Heavy construction machinery chassis, Strong structure, strong passability. Sistema de controle l\u00f3gico Sistema de controle cabo limpo, manuten\u00e7\u00e3o f\u00e1cil. Power System Cummins diesel engine. - Compressor de ar Ingersoll e compressor de ar de alta press\u00e3o grande deslocamento.<\/p>","protected":false},"featured_media":3153,"comment_status":"closed","ping_status":"closed","template":"","meta":{"_acf_changed":false},"product_brand":[],"product_cat":[19],"product_tag":[],"class_list":{"0":"post-1100","1":"product","2":"type-product","3":"status-publish","4":"has-post-thumbnail","6":"product_cat-full-hydraulic-dth-drilling-rig","8":"first","9":"instock","10":"shipping-taxable","11":"product-type-simple"},"acf":[],"_links":{"self":[{"href":"https:\/\/www.thedrillstore.com\/pt\/wp-json\/wp\/v2\/product\/1100","targetHints":{"allow":["GET"]}}],"collection":[{"href":"https:\/\/www.thedrillstore.com\/pt\/wp-json\/wp\/v2\/product"}],"about":[{"href":"https:\/\/www.thedrillstore.com\/pt\/wp-json\/wp\/v2\/types\/product"}],"replies":[{"embeddable":true,"href":"https:\/\/www.thedrillstore.com\/pt\/wp-json\/wp\/v2\/comments?post=1100"}],"wp:featuredmedia":[{"embeddable":true,"href":"https:\/\/www.thedrillstore.com\/pt\/wp-json\/wp\/v2\/media\/3153"}],"wp:attachment":[{"href":"https:\/\/www.thedrillstore.com\/pt\/wp-json\/wp\/v2\/media?parent=1100"}],"wp:term":[{"taxonomy":"product_brand","embeddable":true,"href":"https:\/\/www.thedrillstore.com\/pt\/wp-json\/wp\/v2\/product_brand?post=1100"},{"taxonomy":"product_cat","embeddable":true,"href":"https:\/\/www.thedrillstore.com\/pt\/wp-json\/wp\/v2\/product_cat?post=1100"},{"taxonomy":"product_tag","embeddable":true,"href":"https:\/\/www.thedrillstore.com\/pt\/wp-json\/wp\/v2\/product_tag?post=1100"}],"curies":[{"name":"wp","href":"https:\/\/api.w.org\/{rel}","templated":true}]}}