{"id":1111,"date":"2024-03-28T17:35:15","date_gmt":"2024-03-28T09:35:15","guid":{"rendered":"http:\/\/www.thedrillstore.com\/?post_type=product&#038;p=1111"},"modified":"2024-04-11T14:57:15","modified_gmt":"2024-04-11T06:57:15","slug":"tds-th700-full-hydraulic-surface-top-hammer-drilling-rig-drilling-range-76115mm","status":"publish","type":"product","link":"https:\/\/www.thedrillstore.com\/pt\/product\/tds-th700-full-hydraulic-surface-top-hammer-drilling-rig-drilling-range-76115mm\/","title":{"rendered":"TDS-TH700 Hydraulic Top Hammer Drilling Rig"},"content":{"rendered":"<p>Rango de perfura\u00e7\u00e3o aplic\u00e1vel: 76-115mm<\/p>\n<p>A m\u00e1quina de perfura\u00e7\u00e3o hidr\u00e1ulica de superf\u00edcie superior do martelo TH700[UNK] adota motor diesel de alta pot\u00eancia com forte pot\u00eancia, o que pode facilmente satisfazer os requisitos de pot\u00eancia de condi\u00e7\u00f5es de trabalho duras como alta altitude e extremo frio; equipado com perfura\u00e7\u00e3o de rochas de alta press\u00e3o Atlas Copco, tem alta efici\u00eancia de perfura\u00e7\u00e3o. Este produto \u00e9 amplamente utilizado na excava\u00e7\u00e3o de trabalhos terrestres em minas abertas e projetos de constru\u00e7\u00e3o, perfura\u00e7\u00e3o de opera\u00e7\u00f5es como recupera\u00e7\u00e3o de pedras e tratamento de inclina\u00e7\u00f5es.<\/p>\n<p><strong>Sistema de energia<\/strong><\/p>\n<p>O motor diesel de alta pot\u00eancia nacional III, com alta pot\u00eancia, fornece uma reserva de pot\u00eancia suficiente para o ve\u00edculo inteiro, tornando o aparelho de perfura\u00e7\u00e3o mais adapt\u00e1vel a ambientes de trabalho duros como a alta altitude e o frio extremo.<\/p>\n<p><strong><b>Cabo<\/b><\/strong><\/p>\n<p>Equipado com sistema de refrigera\u00e7\u00e3o e aquecimento de alta pot\u00eancia de ar condicionado, ele pode funcionar normalmente em diversas condi\u00e7\u00f5es clim\u00e1ticas severas. O principal modo de controle de manejo de manejo faz a opera\u00e7\u00e3o mais concisa e conveniente, e proporciona um bom ambiente de trabalho para o operador, longe de polui\u00e7\u00e3o.<\/p>\n<p><strong>Sistema de ca\u00e7a<\/strong><\/p>\n<p>O chassis de viagem do tipo crawler est\u00e1 equipado com um sistema de tra\u00e7\u00e3o hidr\u00e1ulica de alta pot\u00eancia de duas velocidades e um sistema de ajuste de swing hidr\u00e1ulico, bem como um design de largura de fuselagem de pequeno tamanho, o que faz com que o aparelho de perfura\u00e7\u00e3o tenha uma excelente estrada e manevrabilidade.<\/p>\n<p><strong>Sistema de Controlo<\/strong><\/p>\n<p>O sistema de controlador l\u00f3gico program\u00e1vel de alta confiabilidade, instala\u00e7\u00e3o simples, manuten\u00e7\u00e3o conveniente, fun\u00e7\u00e3o poderosa, espa\u00e7o de expans\u00e3o e diagn\u00f3stico de falhas f\u00e1cil.<\/p>\n<p><strong>Sistema de seguran\u00e7a<\/strong><\/p>\n<p>Visualiza\u00e7\u00e3o integrada de dados de alarme como temperatura do \u00f3leo do motor, press\u00e3o, temperatura do refrigerante e n\u00edvel de \u00e1gua, temperatura e press\u00e3o de alta de ar comprimida, e outros dispositivos de seguran\u00e7a, como limpeza, \u00e2ngulo-metro, paragem de emerg\u00eancia e carga de bateria, indica\u00e7\u00e3o.<\/p>\n<p><strong>Sistema de coleta de p\u00f3 em dois est\u00e1gios<\/strong><\/p>\n<p>O sistema de coleta de p\u00f3 seco em dois est\u00e1gios (2) pode ser auto-limpo online, e o efeito de coleta de p\u00f3 (2) \u00e9 bom, o que satisfaz os requisitos nacionais de emiss\u00e3o de p\u00f3.<\/p>\n<p><strong>Push Beam System<\/strong><\/p>\n<p>O feixe de liga de alum\u00ednio conduzido por cilindro de petr\u00f3leo e corda de fio, tem maior for\u00e7a e resist\u00eancia superior \u00e0 dobra, e pode alcan\u00e7ar a perfura\u00e7\u00e3o ideal direta. Comparado com as perfura\u00e7\u00f5es de rocha conduzidas por cadeia, o G7 \u00e9 mais est\u00e1vel quando perfurar. O feixe de propuls\u00e3o est\u00e1 equipado com um sistema mecanizado de mudan\u00e7a de bast\u00e3o, e o operador pode completar a a \u00e7\u00e3o de carga e descarga da bast\u00e3o no t\u00e1xi, reduzindo a intensidade de trabalho, economizando custos de trabalho e melhorando a efici\u00eancia da produ\u00e7\u00e3o.<\/p>\n<p><strong>Exercicio hidr\u00e1ulico de rocha<\/strong><\/p>\n<p>Equipado com Epiroc de alta pot\u00eancia e alta press\u00e3o projetado por Epiroc Group, tem alta efici\u00eancia de perfura\u00e7\u00e3o, alto e alto impacto baixo, propuls\u00e3o de controle de press\u00e3o rotacional, sistema de buffer duplo e fun\u00e7\u00e3o autom\u00e1tica anti-bloqueio, de modo a reduzir a perda de ferramentas de perfura\u00e7\u00e3o e ao mesmo tempo realizar diferentes opera\u00e7\u00f5es de rocha. mais adapt\u00e1vel \u00e0 situa\u00e7\u00e3o.<\/p>\n<p><strong>Sistema boom<\/strong><\/p>\n<p>A estrutura de boom com cruzamento rectangular \u00e9 adotada, e o boom \u00e9 impulsionado pelo cilindro hidr\u00e1ulico para assegurar a flexibilidade e estabilidade do sistema de boom de perfura\u00e7\u00e3o. Ao mesmo tempo, o exquisito projeto do assento de dire\u00e7\u00e3o e o par\u00e9ntese de feixe de propuls\u00e3o permite que o dispositivo de perfura\u00e7\u00e3o perfura buracos verticais e horizontales de 0,3~7,6 m na fachada, e a \u00e1rea de cobertura da perfura\u00e7\u00e3o no plano pode alcan\u00e7ar 17m2.<\/p>\n<p><img fetchpriority=\"high\" decoding=\"async\" class=\"aligncenter size-full wp-image-1126\" src=\"http:\/\/www.thedrillstore.com\/wp-content\/uploads\/2024\/03\/\u9876\u9524\u94bb\u673a-\u62f7\u8d1d.jpg\" alt=\"\" width=\"1920\" height=\"1275\" srcset=\"https:\/\/www.thedrillstore.com\/wp-content\/uploads\/2024\/03\/\u9876\u9524\u94bb\u673a-\u62f7\u8d1d.jpg 1920w, https:\/\/www.thedrillstore.com\/wp-content\/uploads\/2024\/03\/\u9876\u9524\u94bb\u673a-\u62f7\u8d1d-300x199.jpg 300w, https:\/\/www.thedrillstore.com\/wp-content\/uploads\/2024\/03\/\u9876\u9524\u94bb\u673a-\u62f7\u8d1d-1024x680.jpg 1024w, https:\/\/www.thedrillstore.com\/wp-content\/uploads\/2024\/03\/\u9876\u9524\u94bb\u673a-\u62f7\u8d1d-768x510.jpg 768w, https:\/\/www.thedrillstore.com\/wp-content\/uploads\/2024\/03\/\u9876\u9524\u94bb\u673a-\u62f7\u8d1d-1536x1020.jpg 1536w, https:\/\/www.thedrillstore.com\/wp-content\/uploads\/2024\/03\/\u9876\u9524\u94bb\u673a-\u62f7\u8d1d-600x398.jpg 600w\" sizes=\"(max-width: 1920px) 100vw, 1920px\" \/> <img decoding=\"async\" class=\"aligncenter size-full wp-image-1127\" src=\"http:\/\/www.thedrillstore.com\/wp-content\/uploads\/2024\/03\/\u673a\u5668\u56fe.jpg\" alt=\"\" width=\"1920\" height=\"1358\" srcset=\"https:\/\/www.thedrillstore.com\/wp-content\/uploads\/2024\/03\/\u673a\u5668\u56fe.jpg 1920w, https:\/\/www.thedrillstore.com\/wp-content\/uploads\/2024\/03\/\u673a\u5668\u56fe-300x212.jpg 300w, https:\/\/www.thedrillstore.com\/wp-content\/uploads\/2024\/03\/\u673a\u5668\u56fe-1024x724.jpg 1024w, https:\/\/www.thedrillstore.com\/wp-content\/uploads\/2024\/03\/\u673a\u5668\u56fe-768x543.jpg 768w, https:\/\/www.thedrillstore.com\/wp-content\/uploads\/2024\/03\/\u673a\u5668\u56fe-1536x1086.jpg 1536w, https:\/\/www.thedrillstore.com\/wp-content\/uploads\/2024\/03\/\u673a\u5668\u56fe-600x424.jpg 600w\" sizes=\"(max-width: 1920px) 100vw, 1920px\" \/> <img decoding=\"async\" class=\"aligncenter size-full wp-image-1125\" src=\"http:\/\/www.thedrillstore.com\/wp-content\/uploads\/2024\/03\/\u8f66\u95f4\u56fe.jpg\" alt=\"\" width=\"1920\" height=\"1371\" srcset=\"https:\/\/www.thedrillstore.com\/wp-content\/uploads\/2024\/03\/\u8f66\u95f4\u56fe.jpg 1920w, https:\/\/www.thedrillstore.com\/wp-content\/uploads\/2024\/03\/\u8f66\u95f4\u56fe-300x214.jpg 300w, https:\/\/www.thedrillstore.com\/wp-content\/uploads\/2024\/03\/\u8f66\u95f4\u56fe-1024x731.jpg 1024w, https:\/\/www.thedrillstore.com\/wp-content\/uploads\/2024\/03\/\u8f66\u95f4\u56fe-768x548.jpg 768w, https:\/\/www.thedrillstore.com\/wp-content\/uploads\/2024\/03\/\u8f66\u95f4\u56fe-1536x1097.jpg 1536w, https:\/\/www.thedrillstore.com\/wp-content\/uploads\/2024\/03\/\u8f66\u95f4\u56fe-600x428.jpg 600w\" sizes=\"(max-width: 1920px) 100vw, 1920px\" \/> <img loading=\"lazy\" decoding=\"async\" class=\"aligncenter size-full wp-image-1123\" src=\"http:\/\/www.thedrillstore.com\/wp-content\/uploads\/2024\/03\/TH700-\u9876\u9524\u94bb\u673a-1-scaled.jpg\" alt=\"\" width=\"1833\" height=\"2560\" srcset=\"https:\/\/www.thedrillstore.com\/wp-content\/uploads\/2024\/03\/TH700-\u9876\u9524\u94bb\u673a-1-scaled.jpg 1833w, https:\/\/www.thedrillstore.com\/wp-content\/uploads\/2024\/03\/TH700-\u9876\u9524\u94bb\u673a-1-215x300.jpg 215w, https:\/\/www.thedrillstore.com\/wp-content\/uploads\/2024\/03\/TH700-\u9876\u9524\u94bb\u673a-1-733x1024.jpg 733w, https:\/\/www.thedrillstore.com\/wp-content\/uploads\/2024\/03\/TH700-\u9876\u9524\u94bb\u673a-1-768x1072.jpg 768w, https:\/\/www.thedrillstore.com\/wp-content\/uploads\/2024\/03\/TH700-\u9876\u9524\u94bb\u673a-1-1100x1536.jpg 1100w, https:\/\/www.thedrillstore.com\/wp-content\/uploads\/2024\/03\/TH700-\u9876\u9524\u94bb\u673a-1-1467x2048.jpg 1467w, https:\/\/www.thedrillstore.com\/wp-content\/uploads\/2024\/03\/TH700-\u9876\u9524\u94bb\u673a-1-600x838.jpg 600w\" sizes=\"(max-width: 1833px) 100vw, 1833px\" \/><\/p>\n<p>&nbsp;<\/p>","protected":false},"excerpt":{"rendered":"<h4><strong>Di\u00e2metro do buraco: 76~115mm<\/strong><\/h4>\n<ul>\n<li>Grande perfora\u00e7\u00e3o Atlas Copco.<\/li>\n<li>Alta for\u00e7a e resist\u00eancia \u00e0 superdobra.<\/li>\n<li>Bom efeito coleta de poeira.<\/li>\n<li>Cummins diesel engine e Danfoss hydraulic pump.<\/li>\n<li>Sistema de ajuste de swing hidr\u00e1ulico (DOOSAN).<\/li>\n<\/ul>","protected":false},"featured_media":1113,"comment_status":"open","ping_status":"closed","template":"","meta":{"_acf_changed":false},"product_brand":[],"product_cat":[18],"product_tag":[],"class_list":{"0":"post-1111","1":"product","2":"type-product","3":"status-publish","4":"has-post-thumbnail","6":"product_cat-full-hydraulic-top-hammer-drilling-rig","8":"first","9":"instock","10":"shipping-taxable","11":"product-type-simple"},"acf":[],"_links":{"self":[{"href":"https:\/\/www.thedrillstore.com\/pt\/wp-json\/wp\/v2\/product\/1111","targetHints":{"allow":["GET"]}}],"collection":[{"href":"https:\/\/www.thedrillstore.com\/pt\/wp-json\/wp\/v2\/product"}],"about":[{"href":"https:\/\/www.thedrillstore.com\/pt\/wp-json\/wp\/v2\/types\/product"}],"replies":[{"embeddable":true,"href":"https:\/\/www.thedrillstore.com\/pt\/wp-json\/wp\/v2\/comments?post=1111"}],"wp:featuredmedia":[{"embeddable":true,"href":"https:\/\/www.thedrillstore.com\/pt\/wp-json\/wp\/v2\/media\/1113"}],"wp:attachment":[{"href":"https:\/\/www.thedrillstore.com\/pt\/wp-json\/wp\/v2\/media?parent=1111"}],"wp:term":[{"taxonomy":"product_brand","embeddable":true,"href":"https:\/\/www.thedrillstore.com\/pt\/wp-json\/wp\/v2\/product_brand?post=1111"},{"taxonomy":"product_cat","embeddable":true,"href":"https:\/\/www.thedrillstore.com\/pt\/wp-json\/wp\/v2\/product_cat?post=1111"},{"taxonomy":"product_tag","embeddable":true,"href":"https:\/\/www.thedrillstore.com\/pt\/wp-json\/wp\/v2\/product_tag?post=1111"}],"curies":[{"name":"wp","href":"https:\/\/api.w.org\/{rel}","templated":true}]}}