{"id":1182,"date":"2024-03-28T17:55:06","date_gmt":"2024-03-28T09:55:06","guid":{"rendered":"http:\/\/www.thedrillstore.com\/?post_type=product&#038;p=1182"},"modified":"2024-04-09T10:50:53","modified_gmt":"2024-04-09T02:50:53","slug":"tds-c650-18bar-air-compressor-for-drilling-holes","status":"publish","type":"product","link":"https:\/\/www.thedrillstore.com\/pt\/product\/tds-c650-18bar-air-compressor-for-drilling-holes\/","title":{"rendered":"Compressor A\u00e9reo TDS C650"},"content":{"rendered":"<ul>\n<li>N\u00edvel som de funcionamento e menor design de vibra\u00e7\u00e3o.<\/li>\n<li>Servici\u00e1vel f\u00e1cil.<\/li>\n<li>baixo consumo de combust\u00edvel para perceber o uso de longa dist\u00e2ncia ao ar livre; Sistema de prote\u00e7\u00e3o completa,economia de energia.<\/li>\n<li>Alta efici\u00eancia do ar:<br \/>\nGrande rotor de di\u00e2metro, ar[UNK]endconecta com motor diesel atrav\u00e9s de acoplamento e nenhum dispositivo de redu\u00e7\u00e3o dentro, mais confiabilidade, o<br \/>\na velocidade rotativa \u00e9 a mesma com o motor diesel&#8217; s, mais longa vida.<\/li>\n<li>\u00a0Diesel Engine of Famous Brand:<br \/>\nSeleccione o motor diesel da marca Cummins ou Yuchai, satisfaze o requisito de emiss\u00e3o da Europa, baixo consumo de petr\u00f3leo, ap\u00f3s venda de servi\u00e7os em toda a China.<\/li>\n<li>\u00a0Boa adaptabilidade:<br \/>\nO Compressor A\u00e9reo Port\u00e1vel controla automaticamente a entrega de ar do motor diesel ao ajustar a demanda de consumo de ar, o que \u00e9 igual ao controle de convers\u00e3o de frequ\u00eancia no compressor de ar com for\u00e7a motor.<\/li>\n<\/ul>","protected":false},"excerpt":{"rendered":"<h4 style=\"text-align: left;\"><strong>Press\u00e3o 18Bar<\/strong><\/h4>\n<ul>\n<li>N\u00edvel som de funcionamento e menor design de vibra\u00e7\u00e3o.<\/li>\n<li>Servici\u00e1vel f\u00e1cil.<\/li>\n<li>Baixo consumo de combust\u00edvel,poupan\u00e7a de energia.<\/li>\n<li>Alto fim de ar eficiente:<\/li>\n<li>Diesel Engine of Famous Brand:<\/li>\n<li>Boa adaptabilidade:<\/li>\n<\/ul>","protected":false},"featured_media":1184,"comment_status":"open","ping_status":"closed","template":"","meta":{"_acf_changed":false},"product_brand":[],"product_cat":[24],"product_tag":[],"class_list":{"0":"post-1182","1":"product","2":"type-product","3":"status-publish","4":"has-post-thumbnail","6":"product_cat-air-compressors","8":"first","9":"instock","10":"shipping-taxable","11":"product-type-simple"},"acf":[],"_links":{"self":[{"href":"https:\/\/www.thedrillstore.com\/pt\/wp-json\/wp\/v2\/product\/1182","targetHints":{"allow":["GET"]}}],"collection":[{"href":"https:\/\/www.thedrillstore.com\/pt\/wp-json\/wp\/v2\/product"}],"about":[{"href":"https:\/\/www.thedrillstore.com\/pt\/wp-json\/wp\/v2\/types\/product"}],"replies":[{"embeddable":true,"href":"https:\/\/www.thedrillstore.com\/pt\/wp-json\/wp\/v2\/comments?post=1182"}],"wp:featuredmedia":[{"embeddable":true,"href":"https:\/\/www.thedrillstore.com\/pt\/wp-json\/wp\/v2\/media\/1184"}],"wp:attachment":[{"href":"https:\/\/www.thedrillstore.com\/pt\/wp-json\/wp\/v2\/media?parent=1182"}],"wp:term":[{"taxonomy":"product_brand","embeddable":true,"href":"https:\/\/www.thedrillstore.com\/pt\/wp-json\/wp\/v2\/product_brand?post=1182"},{"taxonomy":"product_cat","embeddable":true,"href":"https:\/\/www.thedrillstore.com\/pt\/wp-json\/wp\/v2\/product_cat?post=1182"},{"taxonomy":"product_tag","embeddable":true,"href":"https:\/\/www.thedrillstore.com\/pt\/wp-json\/wp\/v2\/product_tag?post=1182"}],"curies":[{"name":"wp","href":"https:\/\/api.w.org\/{rel}","templated":true}]}}