{"id":1228,"date":"2024-03-28T18:07:38","date_gmt":"2024-03-28T10:07:38","guid":{"rendered":"http:\/\/www.thedrillstore.com\/?post_type=product&#038;p=1228"},"modified":"2024-04-23T13:47:01","modified_gmt":"2024-04-23T05:47:01","slug":"dth-drill-bits","status":"publish","type":"product","link":"https:\/\/www.thedrillstore.com\/pt\/product\/dth-drill-bits\/","title":{"rendered":"DTH Drill Bits"},"content":{"rendered":"<p><strong>Par\u00e2metros de Bits DTH Drill<\/strong><\/p>\n<p><img fetchpriority=\"high\" decoding=\"async\" class=\"aligncenter size-full wp-image-1232\" src=\"http:\/\/www.thedrillstore.com\/wp-content\/uploads\/2024\/03\/\u56fe\u72473-1.png\" alt=\"\" width=\"1139\" height=\"412\" srcset=\"https:\/\/www.thedrillstore.com\/wp-content\/uploads\/2024\/03\/\u56fe\u72473-1.png 1139w, https:\/\/www.thedrillstore.com\/wp-content\/uploads\/2024\/03\/\u56fe\u72473-1-300x109.png 300w, https:\/\/www.thedrillstore.com\/wp-content\/uploads\/2024\/03\/\u56fe\u72473-1-1024x370.png 1024w, https:\/\/www.thedrillstore.com\/wp-content\/uploads\/2024\/03\/\u56fe\u72473-1-768x278.png 768w, https:\/\/www.thedrillstore.com\/wp-content\/uploads\/2024\/03\/\u56fe\u72473-1-600x217.png 600w\" sizes=\"(max-width: 1139px) 100vw, 1139px\" \/> <img decoding=\"async\" class=\"aligncenter size-full wp-image-1233\" src=\"http:\/\/www.thedrillstore.com\/wp-content\/uploads\/2024\/03\/\u56fe\u72474-1.png\" alt=\"\" width=\"755\" height=\"430\" srcset=\"https:\/\/www.thedrillstore.com\/wp-content\/uploads\/2024\/03\/\u56fe\u72474-1.png 755w, https:\/\/www.thedrillstore.com\/wp-content\/uploads\/2024\/03\/\u56fe\u72474-1-300x171.png 300w, https:\/\/www.thedrillstore.com\/wp-content\/uploads\/2024\/03\/\u56fe\u72474-1-600x342.png 600w\" sizes=\"(max-width: 755px) 100vw, 755px\" \/> <img decoding=\"async\" class=\"aligncenter size-full wp-image-1234\" src=\"http:\/\/www.thedrillstore.com\/wp-content\/uploads\/2024\/03\/\u56fe\u72475.png\" alt=\"\" width=\"750\" height=\"209\" srcset=\"https:\/\/www.thedrillstore.com\/wp-content\/uploads\/2024\/03\/\u56fe\u72475.png 750w, https:\/\/www.thedrillstore.com\/wp-content\/uploads\/2024\/03\/\u56fe\u72475-300x84.png 300w, https:\/\/www.thedrillstore.com\/wp-content\/uploads\/2024\/03\/\u56fe\u72475-600x167.png 600w\" sizes=\"(max-width: 750px) 100vw, 750px\" \/><\/p>","protected":false},"excerpt":{"rendered":"<p><strong>Avantagem de bits de DTH Drill<\/strong><\/p>\n<ul>\n<li>Grande e baixa press\u00e3o de ar por baixo dos peda\u00e7os de perfura\u00e7\u00e3o do buraco.<\/li>\n<li>Hugo de baixa press\u00e3o de ar Dia. : 65-220mm.<\/li>\n<li>Hoje buraco de press\u00e3o do ar Dia. : 85-305 mm.<\/li>\n<li>Tipo de rosto: concava\/ convex\/ plano.<\/li>\n<li>Bit Shank Series: COP, DHD, QL, SD, Mission, TD, BR etc.<\/li>\n<li>Forma de Bot\u00f5es: Dome\/ Spherical, Balistic.<\/li>\n<\/ul>","protected":false},"featured_media":1229,"comment_status":"open","ping_status":"closed","template":"","meta":{"_acf_changed":false},"product_brand":[],"product_cat":[70,25],"product_tag":[],"class_list":{"0":"post-1228","1":"product","2":"type-product","3":"status-publish","4":"has-post-thumbnail","6":"product_cat-dth-drilling-tools","7":"product_cat-rock-tools","9":"first","10":"instock","11":"shipping-taxable","12":"product-type-simple"},"acf":[],"_links":{"self":[{"href":"https:\/\/www.thedrillstore.com\/pt\/wp-json\/wp\/v2\/product\/1228","targetHints":{"allow":["GET"]}}],"collection":[{"href":"https:\/\/www.thedrillstore.com\/pt\/wp-json\/wp\/v2\/product"}],"about":[{"href":"https:\/\/www.thedrillstore.com\/pt\/wp-json\/wp\/v2\/types\/product"}],"replies":[{"embeddable":true,"href":"https:\/\/www.thedrillstore.com\/pt\/wp-json\/wp\/v2\/comments?post=1228"}],"wp:featuredmedia":[{"embeddable":true,"href":"https:\/\/www.thedrillstore.com\/pt\/wp-json\/wp\/v2\/media\/1229"}],"wp:attachment":[{"href":"https:\/\/www.thedrillstore.com\/pt\/wp-json\/wp\/v2\/media?parent=1228"}],"wp:term":[{"taxonomy":"product_brand","embeddable":true,"href":"https:\/\/www.thedrillstore.com\/pt\/wp-json\/wp\/v2\/product_brand?post=1228"},{"taxonomy":"product_cat","embeddable":true,"href":"https:\/\/www.thedrillstore.com\/pt\/wp-json\/wp\/v2\/product_cat?post=1228"},{"taxonomy":"product_tag","embeddable":true,"href":"https:\/\/www.thedrillstore.com\/pt\/wp-json\/wp\/v2\/product_tag?post=1228"}],"curies":[{"name":"wp","href":"https:\/\/api.w.org\/{rel}","templated":true}]}}