{"id":1235,"date":"2024-03-28T18:09:24","date_gmt":"2024-03-28T10:09:24","guid":{"rendered":"http:\/\/www.thedrillstore.com\/?post_type=product&#038;p=1235"},"modified":"2024-04-23T13:48:34","modified_gmt":"2024-04-23T05:48:34","slug":"tapered-rods","status":"publish","type":"product","link":"https:\/\/www.thedrillstore.com\/pt\/product\/tapered-rods\/","title":{"rendered":"Rods Tapered"},"content":{"rendered":"<p><strong>Taper Drill Rods<\/strong><\/p>\n<p>Com um lado conectado \u00e0 perfura\u00e7\u00e3o de rocha e o outro lado conectado \u00e0 perfura\u00e7\u00e3o de taper bit, o bast\u00e3o de perfura\u00e7\u00e3o de taper transmite energia de perfura\u00e7\u00e3o de rocha para bit, o trabalho de perfura\u00e7\u00e3o \u00e9 assim realizado. A barra de perfura\u00e7\u00e3o tapeada \u00e9 um desenvolvimento adicional das barras integrais de perfura\u00e7\u00e3o. Normalmente tem um colar forjado para manter a posi\u00e7\u00e3o adequada da face de golpe no perfurador de rocha. Longitudes efetivas da l\u00e2mina de perfura\u00e7\u00e3o tapeada s\u00e3o medidas do colar at\u00e9 o final de bit, que geralmente s\u00e3o de 0,6 metros a 3,6 metros.<\/p>\n<p><strong>Par\u00e2metros de Taper Drill Rods<\/strong><\/p>\n<ul>\n<li>Tamanhos de Shank: Hex.19 mm, Hex. 22mm, Hex.25mm<\/li>\n<li>Graus de cinta: 4\u00b046\", 6\u00b0, 7\u00b0, 11\u00b0, 12\u00b0.<\/li>\n<li>Longitude: 400 &#8211; 8000 mm.<\/li>\n<\/ul>\n<p><strong>Caracter\u00edsticas de Taper Drill Rods<\/strong><\/p>\n<ul>\n<li>O processo de carboniza\u00e7\u00e3o \u00e9 aplicado para promover a dura\u00e7\u00e3o da superf\u00edcie, proporcionando assim melhor uso de qualidade e dura\u00e7\u00e3o de vida para as barras de perfura\u00e7\u00e3o;<\/li>\n<li>23CrNi3Mo, que est\u00e1 na mesma liga que Sandvik Sandbar 64, \u00e9 aplicado como material de barras de perfura\u00e7\u00e3o.<\/li>\n<li>Costo-eficaz, bom desempenho com pre\u00e7o razo\u00e1vel.<\/li>\n<li>Tipos completos de barras de perfura\u00e7\u00e3o para v\u00e1rios cen\u00e1rios de perfura\u00e7\u00e3o.<\/li>\n<\/ul>\n<p><strong>Aplica\u00e7\u00f5es de Taper Drill Rods<\/strong><\/p>\n<p>Obriga\u00e7\u00f5es de perfura\u00e7\u00e3o em t\u00fanel, constru\u00e7\u00e3o, minera\u00e7\u00e3o, quarreagem, etc.<\/p>","protected":false},"excerpt":{"rendered":"<ul>\n<li>Costo-eficaz, bom desempenho com pre\u00e7o razo\u00e1vel.<\/li>\n<li>Tipos completos de barras de perfura\u00e7\u00e3o para v\u00e1rios cen\u00e1rios de perfura\u00e7\u00e3o.<\/li>\n<\/ul>","protected":false},"featured_media":1239,"comment_status":"open","ping_status":"closed","template":"","meta":{"_acf_changed":false},"product_brand":[],"product_cat":[25,71],"product_tag":[],"class_list":{"0":"post-1235","1":"product","2":"type-product","3":"status-publish","4":"has-post-thumbnail","6":"product_cat-rock-tools","7":"product_cat-top-hammer-drilling-tools","9":"first","10":"instock","11":"shipping-taxable","12":"product-type-simple"},"acf":[],"_links":{"self":[{"href":"https:\/\/www.thedrillstore.com\/pt\/wp-json\/wp\/v2\/product\/1235","targetHints":{"allow":["GET"]}}],"collection":[{"href":"https:\/\/www.thedrillstore.com\/pt\/wp-json\/wp\/v2\/product"}],"about":[{"href":"https:\/\/www.thedrillstore.com\/pt\/wp-json\/wp\/v2\/types\/product"}],"replies":[{"embeddable":true,"href":"https:\/\/www.thedrillstore.com\/pt\/wp-json\/wp\/v2\/comments?post=1235"}],"wp:featuredmedia":[{"embeddable":true,"href":"https:\/\/www.thedrillstore.com\/pt\/wp-json\/wp\/v2\/media\/1239"}],"wp:attachment":[{"href":"https:\/\/www.thedrillstore.com\/pt\/wp-json\/wp\/v2\/media?parent=1235"}],"wp:term":[{"taxonomy":"product_brand","embeddable":true,"href":"https:\/\/www.thedrillstore.com\/pt\/wp-json\/wp\/v2\/product_brand?post=1235"},{"taxonomy":"product_cat","embeddable":true,"href":"https:\/\/www.thedrillstore.com\/pt\/wp-json\/wp\/v2\/product_cat?post=1235"},{"taxonomy":"product_tag","embeddable":true,"href":"https:\/\/www.thedrillstore.com\/pt\/wp-json\/wp\/v2\/product_tag?post=1235"}],"curies":[{"name":"wp","href":"https:\/\/api.w.org\/{rel}","templated":true}]}}