{"id":1241,"date":"2024-03-28T18:11:21","date_gmt":"2024-03-28T10:11:21","guid":{"rendered":"http:\/\/www.thedrillstore.com\/?post_type=product&#038;p=1241"},"modified":"2024-04-23T13:48:28","modified_gmt":"2024-04-23T05:48:28","slug":"mf-mm-rods","status":"publish","type":"product","link":"https:\/\/www.thedrillstore.com\/pt\/product\/mf-mm-rods\/","title":{"rendered":"MF &#038; MM Rods"},"content":{"rendered":"<p><strong>Extension Drill Rods<\/strong><\/p>\n<p>A l\u00e2mina de perfura\u00e7\u00e3o de extens\u00e3o transmite energia de pist\u00e3o de perfura\u00e7\u00e3o de rocha para rocha, um lado da l\u00e2mina est\u00e1 conectado ao acoplamento ou adaptador de cabo, enquanto o outro lado est\u00e1 conectado com l\u00e2mina de perfura\u00e7\u00e3o de fios.<\/p>\n<p><strong>Par\u00e2metros das barras de perfura\u00e7\u00e3o de extens\u00e3o<\/strong><\/p>\n<ul>\n<li>Tamanho do f\u00edo: R32, R38, T38, T45, T51.<\/li>\n<li>Tamanho da roda: Runda 32, Runda 39, Runda 46, Runda 52.<\/li>\n<li>Longitude: 600 a 6059 mm.<\/li>\n<li>Slot para chave: com ou sem<\/li>\n<\/ul>\n<p><strong>Extension Drill RExtExtension Drill Rods Features<\/strong><\/p>\n<ul>\n<li>O processo de carboniza\u00e7\u00e3o \u00e9 aplicado para promover a dura\u00e7\u00e3o da superf\u00edcie, proporcionando assim melhor uso de qualidade e dura\u00e7\u00e3o de vida para as barras de perfura\u00e7\u00e3o;<\/li>\n<li>23CrNi3Mo, que est\u00e1 na mesma liga que Sandvik Sandbar 64, \u00e9 aplicado como material de barras de perfura\u00e7\u00e3o.<\/li>\n<li>Costo-eficaz, bom desempenho com pre\u00e7o razo\u00e1vel.<\/li>\n<li>Tipos completos de barras de perfura\u00e7\u00e3o para v\u00e1rios cen\u00e1rios de perfura\u00e7\u00e3o.<\/li>\n<\/ul>\n<p><strong>Aplica\u00e7\u00f5es de borrachas de extens\u00e3o<\/strong><\/p>\n<p>Obriga\u00e7\u00f5es de perfura\u00e7\u00e3o em t\u00fanel, constru\u00e7\u00e3o, minera\u00e7\u00e3o, quarreagem, etc.<\/p>","protected":false},"excerpt":{"rendered":"<ul>\n<li>Costo-eficaz, bom desempenho com pre\u00e7o razo\u00e1vel.<\/li>\n<li>Tipos completos de barras de perfura\u00e7\u00e3o para v\u00e1rios cen\u00e1rios de perfura\u00e7\u00e3o.<\/li>\n<\/ul>","protected":false},"featured_media":1243,"comment_status":"open","ping_status":"closed","template":"","meta":{"_acf_changed":false},"product_brand":[],"product_cat":[25,71],"product_tag":[],"class_list":{"0":"post-1241","1":"product","2":"type-product","3":"status-publish","4":"has-post-thumbnail","6":"product_cat-rock-tools","7":"product_cat-top-hammer-drilling-tools","9":"first","10":"instock","11":"shipping-taxable","12":"product-type-simple"},"acf":[],"_links":{"self":[{"href":"https:\/\/www.thedrillstore.com\/pt\/wp-json\/wp\/v2\/product\/1241","targetHints":{"allow":["GET"]}}],"collection":[{"href":"https:\/\/www.thedrillstore.com\/pt\/wp-json\/wp\/v2\/product"}],"about":[{"href":"https:\/\/www.thedrillstore.com\/pt\/wp-json\/wp\/v2\/types\/product"}],"replies":[{"embeddable":true,"href":"https:\/\/www.thedrillstore.com\/pt\/wp-json\/wp\/v2\/comments?post=1241"}],"wp:featuredmedia":[{"embeddable":true,"href":"https:\/\/www.thedrillstore.com\/pt\/wp-json\/wp\/v2\/media\/1243"}],"wp:attachment":[{"href":"https:\/\/www.thedrillstore.com\/pt\/wp-json\/wp\/v2\/media?parent=1241"}],"wp:term":[{"taxonomy":"product_brand","embeddable":true,"href":"https:\/\/www.thedrillstore.com\/pt\/wp-json\/wp\/v2\/product_brand?post=1241"},{"taxonomy":"product_cat","embeddable":true,"href":"https:\/\/www.thedrillstore.com\/pt\/wp-json\/wp\/v2\/product_cat?post=1241"},{"taxonomy":"product_tag","embeddable":true,"href":"https:\/\/www.thedrillstore.com\/pt\/wp-json\/wp\/v2\/product_tag?post=1241"}],"curies":[{"name":"wp","href":"https:\/\/api.w.org\/{rel}","templated":true}]}}