{"id":1246,"date":"2024-03-28T18:13:32","date_gmt":"2024-03-28T10:13:32","guid":{"rendered":"http:\/\/www.thedrillstore.com\/?post_type=product&#038;p=1246"},"modified":"2024-04-23T13:48:22","modified_gmt":"2024-04-23T05:48:22","slug":"integral-drill-rods","status":"publish","type":"product","link":"https:\/\/www.thedrillstore.com\/pt\/product\/integral-drill-rods\/","title":{"rendered":"Rods Integral Drill"},"content":{"rendered":"<p><strong>Rods Integral Drill<\/strong><\/p>\n<p>Rodas integrais de perfura\u00e7\u00e3o s\u00e3o ideales em perfura\u00e7\u00e3o de buracos pequenos, todas as rodas integrais de perfura\u00e7\u00e3o s\u00e3o compostas por Hex. - bast\u00f5es com cabe\u00e7as de carb\u00f3 cimentado integradas em forma de chisel. Com o mesmo a\u00e7o que Sandvik e os melhores carboides feitos na China, estamos fornecendo diferentes comprimentos de barras integrais de perfura\u00e7\u00e3o com diferentes di\u00e2metros de cabe\u00e7a.<\/p>\n<p><strong>Par\u00e2metros Integral Drill Rods<\/strong><\/p>\n<ul>\n<li>Tamanho da camada: Hex.19 x 108mm, Hex.22 x 108mm, Hex.19 x 82mm<\/li>\n<li>Di\u00e2metro da cabe\u00e7a: 26mm a 42mm.<\/li>\n<li>Longitude: 400 &#8211; 8000 mm.<\/li>\n<\/ul>\n<p><strong>Caracter\u00edsticas Integral Drill Rods<\/strong><\/p>\n<ul>\n<li>O processo de carboniza\u00e7\u00e3o \u00e9 aplicado para promover a dura\u00e7\u00e3o da superf\u00edcie, proporcionando assim melhor uso de qualidade e dura\u00e7\u00e3o de vida para as barras de perfura\u00e7\u00e3o;<\/li>\n<li>23CrNi3Mo, que est\u00e1 na mesma liga que Sandvik Sandbar 64, \u00e9 aplicado como material de barras de perfura\u00e7\u00e3o.<\/li>\n<li>Costo-eficaz, bom desempenho com pre\u00e7o razo\u00e1vel.<\/li>\n<li>Tipos completos de barras de perfura\u00e7\u00e3o para v\u00e1rios cen\u00e1rios de perfura\u00e7\u00e3o.<\/li>\n<\/ul>\n<p><img fetchpriority=\"high\" decoding=\"async\" class=\"aligncenter size-full wp-image-1252\" src=\"http:\/\/www.thedrillstore.com\/wp-content\/uploads\/2024\/03\/jkij.png\" alt=\"\" width=\"1137\" height=\"488\" srcset=\"https:\/\/www.thedrillstore.com\/wp-content\/uploads\/2024\/03\/jkij.png 1137w, https:\/\/www.thedrillstore.com\/wp-content\/uploads\/2024\/03\/jkij-300x129.png 300w, https:\/\/www.thedrillstore.com\/wp-content\/uploads\/2024\/03\/jkij-1024x440.png 1024w, https:\/\/www.thedrillstore.com\/wp-content\/uploads\/2024\/03\/jkij-768x330.png 768w, https:\/\/www.thedrillstore.com\/wp-content\/uploads\/2024\/03\/jkij-600x258.png 600w\" sizes=\"(max-width: 1137px) 100vw, 1137px\" \/><\/p>\n<p>&nbsp;<\/p>\n<p><strong>Aplica\u00e7\u00f5es<\/strong><\/p>\n<p>Obriga\u00e7\u00f5es de perfura\u00e7\u00e3o em t\u00fanel, constru\u00e7\u00e3o, minera\u00e7\u00e3o, quarreagem, etc.<\/p>","protected":false},"excerpt":{"rendered":"<ul>\n<li>Costo-eficaz, bom desempenho com pre\u00e7o razo\u00e1vel.<\/li>\n<li>Tipos completos de barras de perfura\u00e7\u00e3o para v\u00e1rios cen\u00e1rios de perfura\u00e7\u00e3o.<\/li>\n<\/ul>","protected":false},"featured_media":1250,"comment_status":"open","ping_status":"closed","template":"","meta":{"_acf_changed":false},"product_brand":[],"product_cat":[25,71],"product_tag":[],"class_list":{"0":"post-1246","1":"product","2":"type-product","3":"status-publish","4":"has-post-thumbnail","6":"product_cat-rock-tools","7":"product_cat-top-hammer-drilling-tools","9":"first","10":"instock","11":"shipping-taxable","12":"product-type-simple"},"acf":[],"_links":{"self":[{"href":"https:\/\/www.thedrillstore.com\/pt\/wp-json\/wp\/v2\/product\/1246","targetHints":{"allow":["GET"]}}],"collection":[{"href":"https:\/\/www.thedrillstore.com\/pt\/wp-json\/wp\/v2\/product"}],"about":[{"href":"https:\/\/www.thedrillstore.com\/pt\/wp-json\/wp\/v2\/types\/product"}],"replies":[{"embeddable":true,"href":"https:\/\/www.thedrillstore.com\/pt\/wp-json\/wp\/v2\/comments?post=1246"}],"wp:featuredmedia":[{"embeddable":true,"href":"https:\/\/www.thedrillstore.com\/pt\/wp-json\/wp\/v2\/media\/1250"}],"wp:attachment":[{"href":"https:\/\/www.thedrillstore.com\/pt\/wp-json\/wp\/v2\/media?parent=1246"}],"wp:term":[{"taxonomy":"product_brand","embeddable":true,"href":"https:\/\/www.thedrillstore.com\/pt\/wp-json\/wp\/v2\/product_brand?post=1246"},{"taxonomy":"product_cat","embeddable":true,"href":"https:\/\/www.thedrillstore.com\/pt\/wp-json\/wp\/v2\/product_cat?post=1246"},{"taxonomy":"product_tag","embeddable":true,"href":"https:\/\/www.thedrillstore.com\/pt\/wp-json\/wp\/v2\/product_tag?post=1246"}],"curies":[{"name":"wp","href":"https:\/\/api.w.org\/{rel}","templated":true}]}}