{"id":1253,"date":"2024-03-28T18:16:44","date_gmt":"2024-03-28T10:16:44","guid":{"rendered":"http:\/\/www.thedrillstore.com\/?post_type=product&#038;p=1253"},"modified":"2024-04-23T13:48:16","modified_gmt":"2024-04-23T05:48:16","slug":"coupling-sleeves","status":"publish","type":"product","link":"https:\/\/www.thedrillstore.com\/pt\/product\/coupling-sleeves\/","title":{"rendered":"Coupling Sleeves"},"content":{"rendered":"<p><strong>Coupling Sleeves<\/strong><\/p>\n<p>O acoplamento \u00e9 usado para conectar adaptador de barro e l\u00e2mina de perfura\u00e7\u00e3o de extens\u00e3o juntos, ou para conectar duas l\u00e2minas de extens\u00e3o juntas. Al\u00e9m de acoplamentos iguais normais, tamb\u00e9m oferecemos acoplamentos reduzidos que s\u00e3o capazes de mudar o tipo e tamanho de fios. Os acoplamentos que oferecemos podem ser aplicados para nosso sistema de perfura\u00e7\u00e3o de martelo superior, adequado para tarefas de perfura\u00e7\u00e3o em t\u00fanel, constru\u00e7\u00e3o, minera\u00e7\u00e3o, quarreagem, etc.<\/p>\n<p><strong>Par\u00e2metros de Coupling Sleeves<\/strong><\/p>\n<ul>\n<li>R25, R28, R32, R38, T38, T45, T51<\/li>\n<li>Di\u00e2metro: 35mm, 40mm, 45mm, 55mm, 63mm, 66mm, 72mm, 76mm<\/li>\n<li>Longitude: 150mm, 155mm, 170mm, 180mm, 180mm, 190mm, 210mm, 235mm<\/li>\n<li>Tipo de acoplamento: Semi-ponte, Ponte Completa, Adaptor Coupling<\/li>\n<\/ul>\n<p><strong>Caracter\u00edsticas de acoplamento de sonhos<\/strong><\/p>\n<ul>\n<li>Aceiro prim\u00e1rio como material, precis\u00e3o CNC para fabrica\u00e7\u00e3o, precis\u00e3o e confiabilidade garantida;<\/li>\n<li>Uma alta efici\u00eancia de transmiss\u00e3o concede alta efici\u00eancia de perfura\u00e7\u00e3o para o sistema de perfura\u00e7\u00e3o.<\/li>\n<\/ul>\n<p><strong>Aplica\u00e7\u00f5es de Coupling Sleeves<\/strong><\/p>\n<p>Forragem para detrimentos de explos\u00e3o em t\u00fanel, constru\u00e7\u00e3o, minera\u00e7\u00e3o, quarreagem, etc.<\/p>","protected":false},"excerpt":{"rendered":"<p>Aceiro prim\u00e1rio como material, precis\u00e3o CNC para fabrica\u00e7\u00e3o, precis\u00e3o e confiabilidade garantida;<\/p>\n<p>Uma alta efici\u00eancia de transmiss\u00e3o concede alta efici\u00eancia de perfura\u00e7\u00e3o para o sistema de perfura\u00e7\u00e3o.<\/p>","protected":false},"featured_media":1256,"comment_status":"open","ping_status":"closed","template":"","meta":{"_acf_changed":false},"product_brand":[],"product_cat":[25,71],"product_tag":[],"class_list":{"0":"post-1253","1":"product","2":"type-product","3":"status-publish","4":"has-post-thumbnail","6":"product_cat-rock-tools","7":"product_cat-top-hammer-drilling-tools","9":"first","10":"instock","11":"shipping-taxable","12":"product-type-simple"},"acf":[],"_links":{"self":[{"href":"https:\/\/www.thedrillstore.com\/pt\/wp-json\/wp\/v2\/product\/1253","targetHints":{"allow":["GET"]}}],"collection":[{"href":"https:\/\/www.thedrillstore.com\/pt\/wp-json\/wp\/v2\/product"}],"about":[{"href":"https:\/\/www.thedrillstore.com\/pt\/wp-json\/wp\/v2\/types\/product"}],"replies":[{"embeddable":true,"href":"https:\/\/www.thedrillstore.com\/pt\/wp-json\/wp\/v2\/comments?post=1253"}],"wp:featuredmedia":[{"embeddable":true,"href":"https:\/\/www.thedrillstore.com\/pt\/wp-json\/wp\/v2\/media\/1256"}],"wp:attachment":[{"href":"https:\/\/www.thedrillstore.com\/pt\/wp-json\/wp\/v2\/media?parent=1253"}],"wp:term":[{"taxonomy":"product_brand","embeddable":true,"href":"https:\/\/www.thedrillstore.com\/pt\/wp-json\/wp\/v2\/product_brand?post=1253"},{"taxonomy":"product_cat","embeddable":true,"href":"https:\/\/www.thedrillstore.com\/pt\/wp-json\/wp\/v2\/product_cat?post=1253"},{"taxonomy":"product_tag","embeddable":true,"href":"https:\/\/www.thedrillstore.com\/pt\/wp-json\/wp\/v2\/product_tag?post=1253"}],"curies":[{"name":"wp","href":"https:\/\/api.w.org\/{rel}","templated":true}]}}