{"id":1258,"date":"2024-03-28T18:19:52","date_gmt":"2024-03-28T10:19:52","guid":{"rendered":"http:\/\/www.thedrillstore.com\/?post_type=product&#038;p=1258"},"modified":"2024-04-23T13:48:09","modified_gmt":"2024-04-23T05:48:09","slug":"thread-bits","status":"publish","type":"product","link":"https:\/\/www.thedrillstore.com\/pt\/product\/thread-bits\/","title":{"rendered":"Bits de f\u00edos"},"content":{"rendered":"<p><strong>Par\u00e2metros de Bits Fiados<\/strong><\/p>\n<ul>\n<li>Tamanho do f\u00edo: R25, R28, SSR28, R32, SSR32, R35, SSR35, R38, T38, T45, T51, SST58, SST68, SGT60;<\/li>\n<li>Di\u00e2metros da cabe\u00e7a: 33mm ~ 152 mm;<\/li>\n<li>Design de rosto; face plana, centro de queda, uniface;<\/li>\n<\/ul>\n<p><img fetchpriority=\"high\" decoding=\"async\" class=\"aligncenter size-full wp-image-1261\" src=\"http:\/\/www.thedrillstore.com\/wp-content\/uploads\/2024\/03\/dsfe.jpg\" alt=\"\" width=\"1680\" height=\"2010\" srcset=\"https:\/\/www.thedrillstore.com\/wp-content\/uploads\/2024\/03\/dsfe.jpg 1680w, https:\/\/www.thedrillstore.com\/wp-content\/uploads\/2024\/03\/dsfe-251x300.jpg 251w, https:\/\/www.thedrillstore.com\/wp-content\/uploads\/2024\/03\/dsfe-856x1024.jpg 856w, https:\/\/www.thedrillstore.com\/wp-content\/uploads\/2024\/03\/dsfe-768x919.jpg 768w, https:\/\/www.thedrillstore.com\/wp-content\/uploads\/2024\/03\/dsfe-1284x1536.jpg 1284w, https:\/\/www.thedrillstore.com\/wp-content\/uploads\/2024\/03\/dsfe-600x718.jpg 600w\" sizes=\"(max-width: 1680px) 100vw, 1680px\" \/><\/p>\n<p><strong>Caracter\u00edsticas de Bits Fiados<\/strong><\/p>\n<ul>\n<li>Os bot\u00f5es de liga\u00e7\u00e3o s\u00e3o montados em calor na parte da perfura\u00e7\u00e3o, assegurando uma boa precis\u00e3o e durabilidade;<\/li>\n<li>A confiabilidade \u00e9 garantida por mat\u00e9rias de bits de perfura\u00e7\u00e3o prim\u00e1ria e bot\u00e3o de liga\u00e7\u00e3o prim\u00e1ria;<\/li>\n<li>Tipos diferentes projetados para diferentes cen\u00e1rios de perfura\u00e7\u00e3o e condi\u00e7\u00f5es de rocha;<\/li>\n<li>alta velocidade e efici\u00eancia de perfura\u00e7\u00e3o;<\/li>\n<li>Costo-eficaz, bom desempenho com pre\u00e7o razo\u00e1vel.<\/li>\n<\/ul>\n<p><strong>Aplica\u00e7\u00f5es de Bits de Bot\u00f5es de Fios<\/strong><\/p>\n<p>Forragem para detrimentos de explos\u00e3o em t\u00fanel, constru\u00e7\u00e3o, minera\u00e7\u00e3o, quarreagem, etc.<\/p>","protected":false},"excerpt":{"rendered":"<p><strong>Bits Fiados<\/strong><\/p>\n<p>Com a melhor qualidade de a\u00e7o de liga importado dos EUA e os melhores carbonos produzidos na China, produzimos todos os peda\u00e7os de bot\u00f5es com fios atrav\u00e9s da tecnologia da imprensa quente.<\/p>","protected":false},"featured_media":1264,"comment_status":"open","ping_status":"closed","template":"","meta":{"_acf_changed":false},"product_brand":[],"product_cat":[25,71],"product_tag":[],"class_list":{"0":"post-1258","1":"product","2":"type-product","3":"status-publish","4":"has-post-thumbnail","6":"product_cat-rock-tools","7":"product_cat-top-hammer-drilling-tools","9":"first","10":"instock","11":"shipping-taxable","12":"product-type-simple"},"acf":[],"_links":{"self":[{"href":"https:\/\/www.thedrillstore.com\/pt\/wp-json\/wp\/v2\/product\/1258","targetHints":{"allow":["GET"]}}],"collection":[{"href":"https:\/\/www.thedrillstore.com\/pt\/wp-json\/wp\/v2\/product"}],"about":[{"href":"https:\/\/www.thedrillstore.com\/pt\/wp-json\/wp\/v2\/types\/product"}],"replies":[{"embeddable":true,"href":"https:\/\/www.thedrillstore.com\/pt\/wp-json\/wp\/v2\/comments?post=1258"}],"wp:featuredmedia":[{"embeddable":true,"href":"https:\/\/www.thedrillstore.com\/pt\/wp-json\/wp\/v2\/media\/1264"}],"wp:attachment":[{"href":"https:\/\/www.thedrillstore.com\/pt\/wp-json\/wp\/v2\/media?parent=1258"}],"wp:term":[{"taxonomy":"product_brand","embeddable":true,"href":"https:\/\/www.thedrillstore.com\/pt\/wp-json\/wp\/v2\/product_brand?post=1258"},{"taxonomy":"product_cat","embeddable":true,"href":"https:\/\/www.thedrillstore.com\/pt\/wp-json\/wp\/v2\/product_cat?post=1258"},{"taxonomy":"product_tag","embeddable":true,"href":"https:\/\/www.thedrillstore.com\/pt\/wp-json\/wp\/v2\/product_tag?post=1258"}],"curies":[{"name":"wp","href":"https:\/\/api.w.org\/{rel}","templated":true}]}}