{"id":1274,"date":"2024-03-28T18:24:48","date_gmt":"2024-03-28T10:24:48","guid":{"rendered":"http:\/\/www.thedrillstore.com\/?post_type=product&#038;p=1274"},"modified":"2024-04-23T13:47:56","modified_gmt":"2024-04-23T05:47:56","slug":"tapered-drill-bits","status":"publish","type":"product","link":"https:\/\/www.thedrillstore.com\/pt\/product\/tapered-drill-bits\/","title":{"rendered":"Bits Tapered Drill"},"content":{"rendered":"<p><strong>Par\u00e2metros de Bits de Forragem Tapered<\/strong><\/p>\n<ul>\n<li>Di\u00e2metro de bits: 26 a 60 mm;<\/li>\n<li>Grau tapeado: 4\u00b046\", 6\u00b0, 7\u00b0, 11\u00b0, 12\u00b0;<\/li>\n<li>Tamanhos de Shank: Hex. 19 mm, Hex, 22 mm e Hex. 25 mm;<\/li>\n<li>Tipo de carbono: tipo de cisela, tipo de cruz, tipo de bot\u00e3o.<\/li>\n<\/ul>\n<p><img fetchpriority=\"high\" decoding=\"async\" class=\"aligncenter size-full wp-image-1276\" src=\"http:\/\/www.thedrillstore.com\/wp-content\/uploads\/2024\/03\/45.jpg\" alt=\"\" width=\"783\" height=\"762\" srcset=\"https:\/\/www.thedrillstore.com\/wp-content\/uploads\/2024\/03\/45.jpg 783w, https:\/\/www.thedrillstore.com\/wp-content\/uploads\/2024\/03\/45-300x292.jpg 300w, https:\/\/www.thedrillstore.com\/wp-content\/uploads\/2024\/03\/45-768x747.jpg 768w, https:\/\/www.thedrillstore.com\/wp-content\/uploads\/2024\/03\/45-600x584.jpg 600w\" sizes=\"(max-width: 783px) 100vw, 783px\" \/><\/p>\n<p><strong>Caracter\u00edsticas de bits de borracha gravados<\/strong><\/p>\n<ul>\n<li>Skirt \u00e9 revestido de zinco para promover a fric\u00e7\u00e3o entre bits de perfura\u00e7\u00e3o e bast\u00e3o de perfura\u00e7\u00e3o, assim para alcan\u00e7ar melhor efici\u00eancia;<\/li>\n<li>Os bot\u00f5es de liga\u00e7\u00e3o s\u00e3o montados em calor na parte da perfura\u00e7\u00e3o, assegurando uma boa precis\u00e3o e durabilidade;<\/li>\n<li>A confiabilidade \u00e9 garantida por mat\u00e9rias de bits de perfura\u00e7\u00e3o prim\u00e1ria e bot\u00e3o de liga\u00e7\u00e3o prim\u00e1ria;<\/li>\n<li>Tipos diferentes projetados para diferentes cen\u00e1rios de perfura\u00e7\u00e3o e condi\u00e7\u00f5es de rocha;<\/li>\n<li>Costo-eficiente, com pre\u00e7o competitivo e razo\u00e1vel, nossos produtos oferecem 82-92% de vida de suas famosas contrapartes marcadas.<\/li>\n<\/ul>\n<p><strong>Advantage of Tapered Drill Bits\u00a0<\/strong><\/p>\n<ol>\n<li>\u00a0Material: mat\u00e9ria prima virgem 100% com tamanho de gr\u00e3os submicr\u00f3nicos;<br \/>\n2. Grado: Diversos grados para escolha;<br \/>\n3.<br \/>\n4. Precisi\u00e3o Ground e polido;<br \/>\n5. Alta resist\u00eancia ao uso,fortaleza e fortaleza de impacto;<\/li>\n<\/ol>\n<p><strong>Aplica\u00e7\u00f5es de Bits de Forragem Tapered<\/strong><\/p>\n<p>Os peda\u00e7os de perfura\u00e7\u00e3o de taper est\u00e3o conectados a rodas de perfura\u00e7\u00e3o de taper para tarefas de perfura\u00e7\u00e3o, adequados para tunelagem, constru\u00e7\u00e3o, minera\u00e7\u00e3o, quarreagem, etc.<\/p>","protected":false},"excerpt":{"rendered":"<p>Os peda\u00e7os de cinta, especialmente os peda\u00e7os de bot\u00f5es de cinta, s\u00e3o os peda\u00e7os de perfura\u00e7\u00e3o mais populares com uma ampla sele\u00e7\u00e3o de di\u00e2metros de cabe\u00e7a de 26mm a 48mm. Com bot\u00f5es de carbono apertados em calor nas saias de bits, os bits de bot\u00f5es abaixo t\u00eam um bom desempenho de perfura\u00e7\u00e3o e s\u00e3o excelentes na longevidade.<\/p>","protected":false},"featured_media":1278,"comment_status":"open","ping_status":"closed","template":"","meta":{"_acf_changed":false},"product_brand":[],"product_cat":[25,71],"product_tag":[],"class_list":{"0":"post-1274","1":"product","2":"type-product","3":"status-publish","4":"has-post-thumbnail","6":"product_cat-rock-tools","7":"product_cat-top-hammer-drilling-tools","9":"first","10":"instock","11":"shipping-taxable","12":"product-type-simple"},"acf":[],"_links":{"self":[{"href":"https:\/\/www.thedrillstore.com\/pt\/wp-json\/wp\/v2\/product\/1274","targetHints":{"allow":["GET"]}}],"collection":[{"href":"https:\/\/www.thedrillstore.com\/pt\/wp-json\/wp\/v2\/product"}],"about":[{"href":"https:\/\/www.thedrillstore.com\/pt\/wp-json\/wp\/v2\/types\/product"}],"replies":[{"embeddable":true,"href":"https:\/\/www.thedrillstore.com\/pt\/wp-json\/wp\/v2\/comments?post=1274"}],"wp:featuredmedia":[{"embeddable":true,"href":"https:\/\/www.thedrillstore.com\/pt\/wp-json\/wp\/v2\/media\/1278"}],"wp:attachment":[{"href":"https:\/\/www.thedrillstore.com\/pt\/wp-json\/wp\/v2\/media?parent=1274"}],"wp:term":[{"taxonomy":"product_brand","embeddable":true,"href":"https:\/\/www.thedrillstore.com\/pt\/wp-json\/wp\/v2\/product_brand?post=1274"},{"taxonomy":"product_cat","embeddable":true,"href":"https:\/\/www.thedrillstore.com\/pt\/wp-json\/wp\/v2\/product_cat?post=1274"},{"taxonomy":"product_tag","embeddable":true,"href":"https:\/\/www.thedrillstore.com\/pt\/wp-json\/wp\/v2\/product_tag?post=1274"}],"curies":[{"name":"wp","href":"https:\/\/api.w.org\/{rel}","templated":true}]}}