{"id":1280,"date":"2024-03-28T18:27:11","date_gmt":"2024-03-28T10:27:11","guid":{"rendered":"http:\/\/www.thedrillstore.com\/?post_type=product&#038;p=1280"},"modified":"2024-04-23T13:47:50","modified_gmt":"2024-04-23T05:47:50","slug":"shank-adapter","status":"publish","type":"product","link":"https:\/\/www.thedrillstore.com\/pt\/product\/shank-adapter\/","title":{"rendered":"Adaptador Shank"},"content":{"rendered":"<p><strong>Adaptador Shank<\/strong><\/p>\n<p>O adaptador de shank \u00e9 projetado para transmitir energia do pist\u00e3o de perfura\u00e7\u00e3o de rocha para a l\u00e2mina de perfura\u00e7\u00e3o de extens\u00e3o e finalmente para bit de perfura\u00e7\u00e3o. Ao se implantar, um lado do adaptador de shank est\u00e1 conectado ao l\u00e2mina de perfura\u00e7\u00e3o, enquanto o outro lado deve estar conectado com perfura\u00e7\u00e3o de acoplamento ou extens\u00e3o. O adaptador de shank pode ser implantado para tarefas de perfura\u00e7\u00e3o em t\u00fanel, constru\u00e7\u00e3o, minera\u00e7\u00e3o, quarreagem, etc.<\/p>\n<p><strong>Par\u00e2metros do Adaptor Shank<\/strong><\/p>\n<ul>\n<li>R25, R28, R32, R35, R38, T38, T45, T51, etc.<\/li>\n<li>Di\u00e2metro: 32mm-70mm<\/li>\n<li>Longitude: 273mm-885mm<\/li>\n<li>Marca aplicable rock drill: Atlas Copco, Tamrock, Ingersoll Rand, Boart Longyear, Furukawa, Montabert, Soonsan, Everdigm, etc.<\/li>\n<\/ul>\n<p><strong>Caracter\u00edsticas do Adaptor Shank<\/strong><\/p>\n<ul>\n<li>Precisi\u00e3o e confiabilidade concedida por material prim\u00e1rio, m\u00e1quina fina CNC e processos de tratamento t\u00e9rmico;<\/li>\n<li>O processo de carboniza\u00e7\u00e3o \u00e9 aplicado para promover a dura\u00e7\u00e3o da superf\u00edcie, assegurando melhor qualidade de uso.<\/li>\n<\/ul>\n<p><strong>Aplica\u00e7\u00f5es de Adapta\u00e7\u00e3o Shank<\/strong><\/p>\n<p>Forragem para detrimentos de explos\u00e3o em t\u00fanel, constru\u00e7\u00e3o, minera\u00e7\u00e3o, quarreagem, etc.<\/p>\n<p>&nbsp;<\/p>\n<p><img fetchpriority=\"high\" decoding=\"async\" class=\"aligncenter size-full wp-image-1281\" src=\"http:\/\/www.thedrillstore.com\/wp-content\/uploads\/2024\/03\/hg.jpg\" alt=\"\" width=\"1680\" height=\"1739\" srcset=\"https:\/\/www.thedrillstore.com\/wp-content\/uploads\/2024\/03\/hg.jpg 1680w, https:\/\/www.thedrillstore.com\/wp-content\/uploads\/2024\/03\/hg-290x300.jpg 290w, https:\/\/www.thedrillstore.com\/wp-content\/uploads\/2024\/03\/hg-989x1024.jpg 989w, https:\/\/www.thedrillstore.com\/wp-content\/uploads\/2024\/03\/hg-768x795.jpg 768w, https:\/\/www.thedrillstore.com\/wp-content\/uploads\/2024\/03\/hg-1484x1536.jpg 1484w, https:\/\/www.thedrillstore.com\/wp-content\/uploads\/2024\/03\/hg-600x621.jpg 600w\" sizes=\"(max-width: 1680px) 100vw, 1680px\" \/><\/p>","protected":false},"excerpt":{"rendered":"<p><strong>Caracter\u00edsticas do Adaptor Shank<\/strong><\/p>\n<ul>\n<li>Precisi\u00e3o e confiabilidade concedida por material prim\u00e1rio, m\u00e1quina fina CNC e processos de tratamento t\u00e9rmico;<\/li>\n<li>O processo de carboniza\u00e7\u00e3o \u00e9 aplicado para promover a dura\u00e7\u00e3o da superf\u00edcie, assegurando melhor qualidade de uso.<\/li>\n<\/ul>","protected":false},"featured_media":1284,"comment_status":"open","ping_status":"closed","template":"","meta":{"_acf_changed":false},"product_brand":[],"product_cat":[25,71],"product_tag":[],"class_list":{"0":"post-1280","1":"product","2":"type-product","3":"status-publish","4":"has-post-thumbnail","6":"product_cat-rock-tools","7":"product_cat-top-hammer-drilling-tools","9":"first","10":"instock","11":"shipping-taxable","12":"product-type-simple"},"acf":[],"_links":{"self":[{"href":"https:\/\/www.thedrillstore.com\/pt\/wp-json\/wp\/v2\/product\/1280","targetHints":{"allow":["GET"]}}],"collection":[{"href":"https:\/\/www.thedrillstore.com\/pt\/wp-json\/wp\/v2\/product"}],"about":[{"href":"https:\/\/www.thedrillstore.com\/pt\/wp-json\/wp\/v2\/types\/product"}],"replies":[{"embeddable":true,"href":"https:\/\/www.thedrillstore.com\/pt\/wp-json\/wp\/v2\/comments?post=1280"}],"wp:featuredmedia":[{"embeddable":true,"href":"https:\/\/www.thedrillstore.com\/pt\/wp-json\/wp\/v2\/media\/1284"}],"wp:attachment":[{"href":"https:\/\/www.thedrillstore.com\/pt\/wp-json\/wp\/v2\/media?parent=1280"}],"wp:term":[{"taxonomy":"product_brand","embeddable":true,"href":"https:\/\/www.thedrillstore.com\/pt\/wp-json\/wp\/v2\/product_brand?post=1280"},{"taxonomy":"product_cat","embeddable":true,"href":"https:\/\/www.thedrillstore.com\/pt\/wp-json\/wp\/v2\/product_cat?post=1280"},{"taxonomy":"product_tag","embeddable":true,"href":"https:\/\/www.thedrillstore.com\/pt\/wp-json\/wp\/v2\/product_tag?post=1280"}],"curies":[{"name":"wp","href":"https:\/\/api.w.org\/{rel}","templated":true}]}}