{"id":1302,"date":"2024-03-28T18:34:46","date_gmt":"2024-03-28T10:34:46","guid":{"rendered":"http:\/\/www.thedrillstore.com\/?post_type=product&#038;p=1302"},"modified":"2024-04-23T13:47:38","modified_gmt":"2024-04-23T05:47:38","slug":"tds-yt29a-air-leg-rock-drill","status":"publish","type":"product","link":"https:\/\/www.thedrillstore.com\/pt\/product\/tds-yt29a-air-leg-rock-drill\/","title":{"rendered":"TDS YT29A Air-leg Rock Drill"},"content":{"rendered":"<p>Rango aplicado<\/p>\n<p>\u00c9 adequado para opera\u00e7\u00f5es de perfura\u00e7\u00e3o de rochas em grandes minas, minas m\u00e9dias e t\u00faneis.<br \/>\nNossos exerc\u00edcios de rochas de pernas a\u00e9reas t\u00eam as seguintes caracter\u00edsticas:<br \/>\n1. Adequado para perfura\u00e7\u00e3o h\u00famida em pedra dura ou m\u00e9dia<br \/>\n2. Mecanismo de controle agrupado, r\u00e1pido para come\u00e7ar, com &#8220; ar ligado, \u00e1gua ligada, ar apagado, \u00e1gua apagada o mecanismo, conveniente para lidar e f\u00e1cil de manter e reparar.<br \/>\n3. A economia de energia e a vida de servi\u00e7o eficiente e longa de pe\u00e7as altamente intercambi\u00e1veis e confi\u00e1veis.<\/p>\n<p>&nbsp;<\/p>\n<p><strong>Par\u00e2metro<\/strong><\/p>\n<table>\n<tbody>\n<tr>\n<td width=\"277\"><strong><b>Modelo<\/b><\/strong><\/td>\n<td width=\"276\"><strong><b>YT29A<\/b><\/strong><\/td>\n<\/tr>\n<tr>\n<td width=\"277\">Peso<\/td>\n<td width=\"276\">27<\/td>\n<\/tr>\n<tr>\n<td width=\"277\">Dias de cilindros<\/td>\n<td width=\"276\">82mm<\/td>\n<\/tr>\n<tr>\n<td width=\"277\">Ataque de pist\u00e3o<\/td>\n<td width=\"276\">60 mm<\/td>\n<\/tr>\n<tr>\n<td width=\"277\">Press\u00e3o de trabalho<\/td>\n<td width=\"276\">0,4-0,63 Mpa<\/td>\n<\/tr>\n<tr>\n<td width=\"277\">Impacto<\/td>\n<td width=\"276\">70 J<\/td>\n<\/tr>\n<tr>\n<td width=\"277\">Frequ\u00eancia de impacto<\/td>\n<td width=\"276\">\u226537 Hz<\/td>\n<\/tr>\n<tr>\n<td width=\"277\">Consumo de ar<\/td>\n<td width=\"276\">65L\/s<\/td>\n<\/tr>\n<tr>\n<td width=\"277\">Profundidade do buraco de perfura\u00e7\u00e3o de rochas<\/td>\n<td width=\"276\">5 m<\/td>\n<\/tr>\n<tr>\n<td width=\"277\">Tamanho do Shank<\/td>\n<td width=\"276\">H22\u00d7108\u00b11mm<\/td>\n<\/tr>\n<tr>\n<td width=\"277\"><u>O buraco de perfura\u00e7\u00e3o de rocha dia<\/u><\/td>\n<td width=\"276\"><u>34-45 mm<\/u><\/td>\n<\/tr>\n<\/tbody>\n<\/table>","protected":false},"excerpt":{"rendered":"<p><strong>Baixo custo e menor ru\u00eddo<\/strong><\/p>\n<ul>\n<li>Mais Torque e Penetrayiom<\/li>\n<li>Controlo f\u00e1cil e confiabilidade de longa dura\u00e7\u00e3o<\/li>\n<\/ul>","protected":false},"featured_media":1303,"comment_status":"open","ping_status":"closed","template":"","meta":{"_acf_changed":false},"product_brand":[],"product_cat":[25,71],"product_tag":[],"class_list":{"0":"post-1302","1":"product","2":"type-product","3":"status-publish","4":"has-post-thumbnail","6":"product_cat-rock-tools","7":"product_cat-top-hammer-drilling-tools","9":"first","10":"instock","11":"shipping-taxable","12":"product-type-simple"},"acf":[],"_links":{"self":[{"href":"https:\/\/www.thedrillstore.com\/pt\/wp-json\/wp\/v2\/product\/1302","targetHints":{"allow":["GET"]}}],"collection":[{"href":"https:\/\/www.thedrillstore.com\/pt\/wp-json\/wp\/v2\/product"}],"about":[{"href":"https:\/\/www.thedrillstore.com\/pt\/wp-json\/wp\/v2\/types\/product"}],"replies":[{"embeddable":true,"href":"https:\/\/www.thedrillstore.com\/pt\/wp-json\/wp\/v2\/comments?post=1302"}],"wp:featuredmedia":[{"embeddable":true,"href":"https:\/\/www.thedrillstore.com\/pt\/wp-json\/wp\/v2\/media\/1303"}],"wp:attachment":[{"href":"https:\/\/www.thedrillstore.com\/pt\/wp-json\/wp\/v2\/media?parent=1302"}],"wp:term":[{"taxonomy":"product_brand","embeddable":true,"href":"https:\/\/www.thedrillstore.com\/pt\/wp-json\/wp\/v2\/product_brand?post=1302"},{"taxonomy":"product_cat","embeddable":true,"href":"https:\/\/www.thedrillstore.com\/pt\/wp-json\/wp\/v2\/product_cat?post=1302"},{"taxonomy":"product_tag","embeddable":true,"href":"https:\/\/www.thedrillstore.com\/pt\/wp-json\/wp\/v2\/product_tag?post=1302"}],"curies":[{"name":"wp","href":"https:\/\/api.w.org\/{rel}","templated":true}]}}