{"id":1305,"date":"2024-03-28T18:36:23","date_gmt":"2024-03-28T10:36:23","guid":{"rendered":"http:\/\/www.thedrillstore.com\/?post_type=product&#038;p=1305"},"modified":"2024-04-23T13:47:30","modified_gmt":"2024-04-23T05:47:30","slug":"yt28-air-leg-rock-drill","status":"publish","type":"product","link":"https:\/\/www.thedrillstore.com\/pt\/product\/yt28-air-leg-rock-drill\/","title":{"rendered":"YT28 Air Leg Rock Drill\u00a0"},"content":{"rendered":"<p>YT28 Air Leg Rock Drill<\/p>\n<ol>\n<li>Mecanismo de controle agrupado, r\u00e1pido de arranque, com &#8220; ar-on, \u00e1gua-on, ar-off, \u00e1gua-off&#8221; Mecanismo, funcionamento f\u00e1cil e manuten\u00e7\u00e3o.<\/li>\n<li>Baixo ru\u00eddo, pequena vibra\u00e7\u00e3o, poupan\u00e7a de energia e partes altamente intercambi\u00e1veis eficientes com longa vida de servi\u00e7o, desempenho confi\u00e1vel.<\/li>\n<li>Diferente de produtos semelhantes, particularmente em sua alta efici\u00eancia, forte flushing e forte torque.<\/li>\n<\/ol>\n<p><img fetchpriority=\"high\" decoding=\"async\" class=\"aligncenter size-full wp-image-1306\" src=\"http:\/\/www.thedrillstore.com\/wp-content\/uploads\/2024\/03\/dd.jpg\" alt=\"\" width=\"887\" height=\"423\" srcset=\"https:\/\/www.thedrillstore.com\/wp-content\/uploads\/2024\/03\/dd.jpg 887w, https:\/\/www.thedrillstore.com\/wp-content\/uploads\/2024\/03\/dd-300x143.jpg 300w, https:\/\/www.thedrillstore.com\/wp-content\/uploads\/2024\/03\/dd-768x366.jpg 768w, https:\/\/www.thedrillstore.com\/wp-content\/uploads\/2024\/03\/dd-600x286.jpg 600w\" sizes=\"(max-width: 887px) 100vw, 887px\" \/><\/p>","protected":false},"excerpt":{"rendered":"<ul>\n<li>Baixo custo e menor ru\u00eddo<\/li>\n<li>Mais Torque e Penetrayiom<\/li>\n<li>Controlo f\u00e1cil e confiabilidade de longa dura\u00e7\u00e3o<\/li>\n<\/ul>","protected":false},"featured_media":1308,"comment_status":"open","ping_status":"closed","template":"","meta":{"_acf_changed":false},"product_brand":[],"product_cat":[25,71],"product_tag":[],"class_list":{"0":"post-1305","1":"product","2":"type-product","3":"status-publish","4":"has-post-thumbnail","6":"product_cat-rock-tools","7":"product_cat-top-hammer-drilling-tools","9":"first","10":"instock","11":"shipping-taxable","12":"product-type-simple"},"acf":[],"_links":{"self":[{"href":"https:\/\/www.thedrillstore.com\/pt\/wp-json\/wp\/v2\/product\/1305","targetHints":{"allow":["GET"]}}],"collection":[{"href":"https:\/\/www.thedrillstore.com\/pt\/wp-json\/wp\/v2\/product"}],"about":[{"href":"https:\/\/www.thedrillstore.com\/pt\/wp-json\/wp\/v2\/types\/product"}],"replies":[{"embeddable":true,"href":"https:\/\/www.thedrillstore.com\/pt\/wp-json\/wp\/v2\/comments?post=1305"}],"wp:featuredmedia":[{"embeddable":true,"href":"https:\/\/www.thedrillstore.com\/pt\/wp-json\/wp\/v2\/media\/1308"}],"wp:attachment":[{"href":"https:\/\/www.thedrillstore.com\/pt\/wp-json\/wp\/v2\/media?parent=1305"}],"wp:term":[{"taxonomy":"product_brand","embeddable":true,"href":"https:\/\/www.thedrillstore.com\/pt\/wp-json\/wp\/v2\/product_brand?post=1305"},{"taxonomy":"product_cat","embeddable":true,"href":"https:\/\/www.thedrillstore.com\/pt\/wp-json\/wp\/v2\/product_cat?post=1305"},{"taxonomy":"product_tag","embeddable":true,"href":"https:\/\/www.thedrillstore.com\/pt\/wp-json\/wp\/v2\/product_tag?post=1305"}],"curies":[{"name":"wp","href":"https:\/\/api.w.org\/{rel}","templated":true}]}}