{"id":1310,"date":"2024-03-28T18:38:21","date_gmt":"2024-03-28T10:38:21","guid":{"rendered":"http:\/\/www.thedrillstore.com\/?post_type=product&#038;p=1310"},"modified":"2024-04-23T13:47:24","modified_gmt":"2024-04-23T05:47:24","slug":"yt27-air-leg-rock-drill","status":"publish","type":"product","link":"https:\/\/www.thedrillstore.com\/pt\/product\/yt27-air-leg-rock-drill\/","title":{"rendered":"YT27 Air Leg Rock Drill\u00a0"},"content":{"rendered":"<p>YT27 Air Leg Rock Drill<\/p>\n<ol>\n<li>Adequado para perfura\u00e7\u00e3o h\u00famida em pedra dura ou m\u00e9dia<\/li>\n<li>Mecanismo de controle agrupado, r\u00e1pido para come\u00e7ar, com &#8220; ar ligado, \u00e1gua ligada, ar apagado, \u00e1gua apagada Mecanismo, conveniente para lidar, manter e reparar \u00e9 muito f\u00e1cil.<\/li>\n<li>poupan\u00e7a de energia e desempenho eficiente, altamente intercambi\u00e1vel e confi\u00e1vel de pe\u00e7as com longo servi\u00e7o de vida.<\/li>\n<li>YT27difere de produtos semelhantes particularmente em sua alta efici\u00eancia forte flushing e forte torque<br \/>\n<img fetchpriority=\"high\" decoding=\"async\" class=\"aligncenter size-full wp-image-1312\" src=\"http:\/\/www.thedrillstore.com\/wp-content\/uploads\/2024\/03\/\u56fe\u72471.png\" alt=\"\" width=\"887\" height=\"423\" srcset=\"https:\/\/www.thedrillstore.com\/wp-content\/uploads\/2024\/03\/\u56fe\u72471.png 887w, https:\/\/www.thedrillstore.com\/wp-content\/uploads\/2024\/03\/\u56fe\u72471-300x143.png 300w, https:\/\/www.thedrillstore.com\/wp-content\/uploads\/2024\/03\/\u56fe\u72471-768x366.png 768w, https:\/\/www.thedrillstore.com\/wp-content\/uploads\/2024\/03\/\u56fe\u72471-600x286.png 600w\" sizes=\"(max-width: 887px) 100vw, 887px\" \/><\/li>\n<\/ol>","protected":false},"excerpt":{"rendered":"<ul>\n<li>Baixo custo e menor ru\u00eddo<\/li>\n<li>Mais Torque e Penetrayiom<\/li>\n<li>Controlo f\u00e1cil e confiabilidade de longa dura\u00e7\u00e3o<\/li>\n<\/ul>","protected":false},"featured_media":1314,"comment_status":"open","ping_status":"closed","template":"","meta":{"_acf_changed":false},"product_brand":[],"product_cat":[25,71],"product_tag":[],"class_list":{"0":"post-1310","1":"product","2":"type-product","3":"status-publish","4":"has-post-thumbnail","6":"product_cat-rock-tools","7":"product_cat-top-hammer-drilling-tools","9":"first","10":"instock","11":"shipping-taxable","12":"product-type-simple"},"acf":[],"_links":{"self":[{"href":"https:\/\/www.thedrillstore.com\/pt\/wp-json\/wp\/v2\/product\/1310","targetHints":{"allow":["GET"]}}],"collection":[{"href":"https:\/\/www.thedrillstore.com\/pt\/wp-json\/wp\/v2\/product"}],"about":[{"href":"https:\/\/www.thedrillstore.com\/pt\/wp-json\/wp\/v2\/types\/product"}],"replies":[{"embeddable":true,"href":"https:\/\/www.thedrillstore.com\/pt\/wp-json\/wp\/v2\/comments?post=1310"}],"wp:featuredmedia":[{"embeddable":true,"href":"https:\/\/www.thedrillstore.com\/pt\/wp-json\/wp\/v2\/media\/1314"}],"wp:attachment":[{"href":"https:\/\/www.thedrillstore.com\/pt\/wp-json\/wp\/v2\/media?parent=1310"}],"wp:term":[{"taxonomy":"product_brand","embeddable":true,"href":"https:\/\/www.thedrillstore.com\/pt\/wp-json\/wp\/v2\/product_brand?post=1310"},{"taxonomy":"product_cat","embeddable":true,"href":"https:\/\/www.thedrillstore.com\/pt\/wp-json\/wp\/v2\/product_cat?post=1310"},{"taxonomy":"product_tag","embeddable":true,"href":"https:\/\/www.thedrillstore.com\/pt\/wp-json\/wp\/v2\/product_tag?post=1310"}],"curies":[{"name":"wp","href":"https:\/\/api.w.org\/{rel}","templated":true}]}}