{"id":3032,"date":"2025-08-08T14:14:03","date_gmt":"2025-08-08T06:14:03","guid":{"rendered":"https:\/\/www.thedrillstore.com\/?post_type=product&#038;p=3032"},"modified":"2025-08-08T14:14:03","modified_gmt":"2025-08-08T06:14:03","slug":"drill-accessories","status":"publish","type":"product","link":"https:\/\/www.thedrillstore.com\/pt\/product\/drill-accessories\/","title":{"rendered":"Acess\u00f3rios de perfura\u00e7\u00e3o"},"content":{"rendered":"<p><img fetchpriority=\"high\" decoding=\"async\" class=\"alignnone  wp-image-3037\" src=\"http:\/\/www.thedrillstore.com\/wp-content\/uploads\/2025\/08\/wechat_2025-07-29_111252_349.png\" alt=\"\" width=\"827\" height=\"364\" srcset=\"https:\/\/www.thedrillstore.com\/wp-content\/uploads\/2025\/08\/wechat_2025-07-29_111252_349.png 1440w, https:\/\/www.thedrillstore.com\/wp-content\/uploads\/2025\/08\/wechat_2025-07-29_111252_349-300x132.png 300w, https:\/\/www.thedrillstore.com\/wp-content\/uploads\/2025\/08\/wechat_2025-07-29_111252_349-1024x451.png 1024w, https:\/\/www.thedrillstore.com\/wp-content\/uploads\/2025\/08\/wechat_2025-07-29_111252_349-768x338.png 768w, https:\/\/www.thedrillstore.com\/wp-content\/uploads\/2025\/08\/wechat_2025-07-29_111252_349-18x8.png 18w, https:\/\/www.thedrillstore.com\/wp-content\/uploads\/2025\/08\/wechat_2025-07-29_111252_349-600x264.png 600w\" sizes=\"(max-width: 827px) 100vw, 827px\" \/> <img decoding=\"async\" class=\"alignnone  wp-image-3036\" src=\"http:\/\/www.thedrillstore.com\/wp-content\/uploads\/2025\/08\/wechat_2025-07-29_111236_317.png\" alt=\"\" width=\"827\" height=\"235\" srcset=\"https:\/\/www.thedrillstore.com\/wp-content\/uploads\/2025\/08\/wechat_2025-07-29_111236_317.png 1668w, https:\/\/www.thedrillstore.com\/wp-content\/uploads\/2025\/08\/wechat_2025-07-29_111236_317-300x85.png 300w, https:\/\/www.thedrillstore.com\/wp-content\/uploads\/2025\/08\/wechat_2025-07-29_111236_317-1024x291.png 1024w, https:\/\/www.thedrillstore.com\/wp-content\/uploads\/2025\/08\/wechat_2025-07-29_111236_317-768x218.png 768w, https:\/\/www.thedrillstore.com\/wp-content\/uploads\/2025\/08\/wechat_2025-07-29_111236_317-1536x436.png 1536w, https:\/\/www.thedrillstore.com\/wp-content\/uploads\/2025\/08\/wechat_2025-07-29_111236_317-18x5.png 18w, https:\/\/www.thedrillstore.com\/wp-content\/uploads\/2025\/08\/wechat_2025-07-29_111236_317-600x171.png 600w\" sizes=\"(max-width: 827px) 100vw, 827px\" \/> <img decoding=\"async\" class=\"alignnone  wp-image-3035\" src=\"http:\/\/www.thedrillstore.com\/wp-content\/uploads\/2025\/08\/wechat_2025-07-29_111228_372.png\" alt=\"\" width=\"826\" height=\"194\" srcset=\"https:\/\/www.thedrillstore.com\/wp-content\/uploads\/2025\/08\/wechat_2025-07-29_111228_372.png 1898w, https:\/\/www.thedrillstore.com\/wp-content\/uploads\/2025\/08\/wechat_2025-07-29_111228_372-300x70.png 300w, https:\/\/www.thedrillstore.com\/wp-content\/uploads\/2025\/08\/wechat_2025-07-29_111228_372-1024x241.png 1024w, https:\/\/www.thedrillstore.com\/wp-content\/uploads\/2025\/08\/wechat_2025-07-29_111228_372-768x180.png 768w, https:\/\/www.thedrillstore.com\/wp-content\/uploads\/2025\/08\/wechat_2025-07-29_111228_372-1536x361.png 1536w, https:\/\/www.thedrillstore.com\/wp-content\/uploads\/2025\/08\/wechat_2025-07-29_111228_372-18x4.png 18w, https:\/\/www.thedrillstore.com\/wp-content\/uploads\/2025\/08\/wechat_2025-07-29_111228_372-600x141.png 600w\" sizes=\"(max-width: 826px) 100vw, 826px\" \/> <img loading=\"lazy\" decoding=\"async\" class=\"alignnone  wp-image-3033\" src=\"http:\/\/www.thedrillstore.com\/wp-content\/uploads\/2025\/08\/wechat_2025-07-29_111207_500.png\" alt=\"\" width=\"825\" height=\"205\" srcset=\"https:\/\/www.thedrillstore.com\/wp-content\/uploads\/2025\/08\/wechat_2025-07-29_111207_500.png 1908w, https:\/\/www.thedrillstore.com\/wp-content\/uploads\/2025\/08\/wechat_2025-07-29_111207_500-300x75.png 300w, https:\/\/www.thedrillstore.com\/wp-content\/uploads\/2025\/08\/wechat_2025-07-29_111207_500-1024x254.png 1024w, https:\/\/www.thedrillstore.com\/wp-content\/uploads\/2025\/08\/wechat_2025-07-29_111207_500-768x191.png 768w, https:\/\/www.thedrillstore.com\/wp-content\/uploads\/2025\/08\/wechat_2025-07-29_111207_500-1536x382.png 1536w, https:\/\/www.thedrillstore.com\/wp-content\/uploads\/2025\/08\/wechat_2025-07-29_111207_500-18x4.png 18w, https:\/\/www.thedrillstore.com\/wp-content\/uploads\/2025\/08\/wechat_2025-07-29_111207_500-600x149.png 600w\" sizes=\"(max-width: 825px) 100vw, 825px\" \/> <img loading=\"lazy\" decoding=\"async\" class=\"alignnone  wp-image-3034\" src=\"http:\/\/www.thedrillstore.com\/wp-content\/uploads\/2025\/08\/wechat_2025-07-29_111220_638.png\" alt=\"\" width=\"822\" height=\"397\" srcset=\"https:\/\/www.thedrillstore.com\/wp-content\/uploads\/2025\/08\/wechat_2025-07-29_111220_638.png 928w, https:\/\/www.thedrillstore.com\/wp-content\/uploads\/2025\/08\/wechat_2025-07-29_111220_638-300x145.png 300w, https:\/\/www.thedrillstore.com\/wp-content\/uploads\/2025\/08\/wechat_2025-07-29_111220_638-768x371.png 768w, https:\/\/www.thedrillstore.com\/wp-content\/uploads\/2025\/08\/wechat_2025-07-29_111220_638-18x9.png 18w, https:\/\/www.thedrillstore.com\/wp-content\/uploads\/2025\/08\/wechat_2025-07-29_111220_638-600x290.png 600w\" sizes=\"(max-width: 822px) 100vw, 822px\" \/><\/p>","protected":false},"excerpt":{"rendered":"","protected":false},"featured_media":3038,"comment_status":"closed","ping_status":"closed","template":"","meta":{"_acf_changed":false},"product_brand":[],"product_cat":[73],"product_tag":[],"class_list":{"0":"post-3032","1":"product","2":"type-product","3":"status-publish","4":"has-post-thumbnail","6":"product_cat-core-drill-bit","8":"first","9":"instock","10":"shipping-taxable","11":"product-type-simple"},"acf":[],"_links":{"self":[{"href":"https:\/\/www.thedrillstore.com\/pt\/wp-json\/wp\/v2\/product\/3032","targetHints":{"allow":["GET"]}}],"collection":[{"href":"https:\/\/www.thedrillstore.com\/pt\/wp-json\/wp\/v2\/product"}],"about":[{"href":"https:\/\/www.thedrillstore.com\/pt\/wp-json\/wp\/v2\/types\/product"}],"replies":[{"embeddable":true,"href":"https:\/\/www.thedrillstore.com\/pt\/wp-json\/wp\/v2\/comments?post=3032"}],"wp:featuredmedia":[{"embeddable":true,"href":"https:\/\/www.thedrillstore.com\/pt\/wp-json\/wp\/v2\/media\/3038"}],"wp:attachment":[{"href":"https:\/\/www.thedrillstore.com\/pt\/wp-json\/wp\/v2\/media?parent=3032"}],"wp:term":[{"taxonomy":"product_brand","embeddable":true,"href":"https:\/\/www.thedrillstore.com\/pt\/wp-json\/wp\/v2\/product_brand?post=3032"},{"taxonomy":"product_cat","embeddable":true,"href":"https:\/\/www.thedrillstore.com\/pt\/wp-json\/wp\/v2\/product_cat?post=3032"},{"taxonomy":"product_tag","embeddable":true,"href":"https:\/\/www.thedrillstore.com\/pt\/wp-json\/wp\/v2\/product_tag?post=3032"}],"curies":[{"name":"wp","href":"https:\/\/api.w.org\/{rel}","templated":true}]}}