{"id":3239,"date":"2025-09-18T17:18:40","date_gmt":"2025-09-18T09:18:40","guid":{"rendered":"https:\/\/www.thedrillstore.com\/?post_type=product&#038;p=3239"},"modified":"2025-09-18T17:18:40","modified_gmt":"2025-09-18T09:18:40","slug":"tds-843-full-hydraulic-dth-drilling-rig","status":"publish","type":"product","link":"https:\/\/www.thedrillstore.com\/pt\/product\/tds-843-full-hydraulic-dth-drilling-rig\/","title":{"rendered":"TDS 843 Full Hydraulic DTH Drilling Rig"},"content":{"rendered":"<p><strong>Rotar<\/strong><\/p>\n<p>Motor duplo rotativo Torque mais alto,reduz efetivamente a velocidade de bloqueio.<\/p>\n<p><strong>Sistema de Chassis<\/strong><\/p>\n<p>Chassis de m\u00e1quinas pesadas de constru\u00e7\u00e3o, estrutura forte,forte passabilidade.<\/p>\n<p><strong>Sistema de Controlo<\/strong><\/p>\n<p>Sistema de controle l\u00f3gico cabo limpo, manuten\u00e7\u00e3o f\u00e1cil.<\/p>\n<p><strong>Sistema de Pot\u00eancia<\/strong><\/p>\n<p>Motor diesel Cummins.<\/p>\n<p><strong>Sistema de Compressor A\u00e9reo<\/strong><\/p>\n<p>Compressor Ingersoll rand de ar de alta press\u00e3o grande deslocamento.<\/p>\n<p>&nbsp;<\/p>","protected":false},"excerpt":{"rendered":"<p>Rotar Dois motores rotativos Torque mais alto,reduzir efetivamente a velocidade de bloqueio. Chassis System Heavy construction machinery chassis, Strong structure, strong passability. Sistema de controle l\u00f3gico Sistema de controle cabo limpo, manuten\u00e7\u00e3o f\u00e1cil. Power System Cummins diesel engine. - Compressor de ar Ingersoll e compressor de ar de alta press\u00e3o grande deslocamento. &nbsp;<\/p>","protected":false},"featured_media":3240,"comment_status":"closed","ping_status":"closed","template":"","meta":{"_acf_changed":false},"product_brand":[],"product_cat":[19],"product_tag":[],"class_list":{"0":"post-3239","1":"product","2":"type-product","3":"status-publish","4":"has-post-thumbnail","6":"product_cat-full-hydraulic-dth-drilling-rig","8":"first","9":"instock","10":"shipping-taxable","11":"product-type-simple"},"acf":[],"_links":{"self":[{"href":"https:\/\/www.thedrillstore.com\/pt\/wp-json\/wp\/v2\/product\/3239","targetHints":{"allow":["GET"]}}],"collection":[{"href":"https:\/\/www.thedrillstore.com\/pt\/wp-json\/wp\/v2\/product"}],"about":[{"href":"https:\/\/www.thedrillstore.com\/pt\/wp-json\/wp\/v2\/types\/product"}],"replies":[{"embeddable":true,"href":"https:\/\/www.thedrillstore.com\/pt\/wp-json\/wp\/v2\/comments?post=3239"}],"wp:featuredmedia":[{"embeddable":true,"href":"https:\/\/www.thedrillstore.com\/pt\/wp-json\/wp\/v2\/media\/3240"}],"wp:attachment":[{"href":"https:\/\/www.thedrillstore.com\/pt\/wp-json\/wp\/v2\/media?parent=3239"}],"wp:term":[{"taxonomy":"product_brand","embeddable":true,"href":"https:\/\/www.thedrillstore.com\/pt\/wp-json\/wp\/v2\/product_brand?post=3239"},{"taxonomy":"product_cat","embeddable":true,"href":"https:\/\/www.thedrillstore.com\/pt\/wp-json\/wp\/v2\/product_cat?post=3239"},{"taxonomy":"product_tag","embeddable":true,"href":"https:\/\/www.thedrillstore.com\/pt\/wp-json\/wp\/v2\/product_tag?post=3239"}],"curies":[{"name":"wp","href":"https:\/\/api.w.org\/{rel}","templated":true}]}}