{"id":3420,"date":"2026-01-09T09:30:09","date_gmt":"2026-01-09T01:30:09","guid":{"rendered":"https:\/\/www.thedrillstore.com\/?post_type=product&#038;p=3420"},"modified":"2026-03-02T13:39:11","modified_gmt":"2026-03-02T05:39:11","slug":"surface-coring-drilling-rig-c2500","status":"publish","type":"product","link":"https:\/\/www.thedrillstore.com\/pt\/product\/surface-coring-drilling-rig-c2500\/","title":{"rendered":"Surface Core Drilling Rig C2500"},"content":{"rendered":"<p>Conceito de Produtos<\/p>\n<p>O dispositivo de perfura\u00e7\u00e3o de cordas de diamante \u00e9 projetado especificamente para opera\u00e7\u00f5es de perfura\u00e7\u00e3o de superf\u00edcie,o design rastreado facilita a reloca\u00e7\u00e3o do equipamento,este tipo de aparelho de perfura\u00e7\u00e3o adota os componentes hidr\u00e1ulicos principais atuais internacionais (bomba hidr\u00e1ulica, motor, v\u00e1lvula hidr\u00e1ulica, etc.) para assegurar a vida de servi\u00e7o e o desempenho de funcionamento est\u00e1vel do equipamento,designs multifuncionais s\u00e3o mais favor\u00e1veis para melhorar a seguran\u00e7a do dispositivo<\/p>\n<p>Caracter\u00edsticas T\u00e9cnicas<\/p>\n<p>1.Design de crawler, disposi\u00e7\u00e3o hidr\u00e1ulica para todas as fun\u00e7\u00f5es da m\u00e1quina,o equipamento \u00e9 operado por controle remoto e manejo hidr\u00e1ulico (rela\u00e7\u00e3o eletrohidr\u00e1ulica controlada pelo piloto) para andar,assegurar a seguran\u00e7a do pessoal durante o movimento do equipamento.<\/p>\n<p>2.A cabe\u00e7a el\u00e9trica de chuck deslizando lateralmente,libera rapidamente a posi\u00e7\u00e3o do buraco para a opera\u00e7\u00e3o de extra\u00e7\u00e3o do n\u00facleo,maior seguran\u00e7a e efici\u00eancia operacional.<\/p>\n<p>3.O chuck clamping adota a fonte de g\u00e1s de nitrog\u00eanio para assegurar a libera\u00e7\u00e3o a longo prazo e a opera\u00e7\u00e3o de clamping.<\/p>\n<p>4.O mecanismo de dupla velocidade da cadeia assegura que o equipamento tem uma dist\u00e2ncia de viagem de 3200 mm, reduzindo o peso do equipamento.<\/p>\n<p>5.O motor diesel com 4 cilindros Cummins cumpre os padr\u00f5es de emiss\u00e3o e reduz a polui\u00e7\u00e3o do ar.<\/p>\n<p>6.Mestre de liga de alum\u00ednio, ligeiro, f\u00e1cil de instalar e desmontar.<\/p>\n<p>7.A estrutura corporal compacta facilita a reloca\u00e7\u00e3o de equipamentos em estradas estreitas e rigorosas.<\/p>\n<p>8.O design \u00fanico do sistema hidr\u00e1ulico adota controle sens\u00edvel \u00e0 carga para os sistemas principais e auxiliares, e um grande n\u00famero de grupos de v\u00e1lvulas plug-in com fios importados s\u00e3o utilizados, com alta integra\u00e7\u00e3o, sistema simples e alta efici\u00eancia.<\/p>","protected":false},"excerpt":{"rendered":"<p>Product Concept The diamond rope coring drilling rig is designed specifically for surfacecoring operations,the tracked design facilitates equipment relocation,thistype of drilling rig adopts the current international mainstream hydrauliccomponents (hydraulic pump, motor, hydraulic valve, etc.) to ensure theservice life and stable working performance of the equipment,multiplefunctional designs are more conducive to improving device safety Technical Features [&hellip;]<\/p>\n","protected":false},"featured_media":3421,"comment_status":"closed","ping_status":"closed","template":"","meta":{"_acf_changed":false},"product_brand":[],"product_cat":[72],"product_tag":[],"class_list":{"0":"post-3420","1":"product","2":"type-product","3":"status-publish","4":"has-post-thumbnail","6":"product_cat-surface-core-drilling-rig","8":"first","9":"instock","10":"shipping-taxable","11":"product-type-simple"},"acf":[],"_links":{"self":[{"href":"https:\/\/www.thedrillstore.com\/pt\/wp-json\/wp\/v2\/product\/3420","targetHints":{"allow":["GET"]}}],"collection":[{"href":"https:\/\/www.thedrillstore.com\/pt\/wp-json\/wp\/v2\/product"}],"about":[{"href":"https:\/\/www.thedrillstore.com\/pt\/wp-json\/wp\/v2\/types\/product"}],"replies":[{"embeddable":true,"href":"https:\/\/www.thedrillstore.com\/pt\/wp-json\/wp\/v2\/comments?post=3420"}],"wp:featuredmedia":[{"embeddable":true,"href":"https:\/\/www.thedrillstore.com\/pt\/wp-json\/wp\/v2\/media\/3421"}],"wp:attachment":[{"href":"https:\/\/www.thedrillstore.com\/pt\/wp-json\/wp\/v2\/media?parent=3420"}],"wp:term":[{"taxonomy":"product_brand","embeddable":true,"href":"https:\/\/www.thedrillstore.com\/pt\/wp-json\/wp\/v2\/product_brand?post=3420"},{"taxonomy":"product_cat","embeddable":true,"href":"https:\/\/www.thedrillstore.com\/pt\/wp-json\/wp\/v2\/product_cat?post=3420"},{"taxonomy":"product_tag","embeddable":true,"href":"https:\/\/www.thedrillstore.com\/pt\/wp-json\/wp\/v2\/product_tag?post=3420"}],"curies":[{"name":"wp","href":"https:\/\/api.w.org\/{rel}","templated":true}]}}